{"id":894,"date":"2023-02-07T13:00:36","date_gmt":"2023-02-07T10:00:36","guid":{"rendered":"https:\/\/www.anadoluictas.com\/?page_id=894"},"modified":"2023-03-28T01:10:24","modified_gmt":"2023-03-27T22:10:24","slug":"osb-kapli-levha-2","status":"publish","type":"page","link":"https:\/\/www.anadoluictasyalitim.com\/index.php\/osb-kapli-levha-2\/","title":{"rendered":"OSB Levha"},"content":{"rendered":"\t\t<div data-elementor-type=\"wp-page\" data-elementor-id=\"894\" class=\"elementor elementor-894\">\n\t\t\t\t\t\t\t\t\t<section class=\"elementor-section elementor-top-section elementor-element elementor-element-e1a5408 elementor-section-boxed elementor-section-height-default elementor-section-height-default\" data-id=\"e1a5408\" data-element_type=\"section\">\n\t\t\t\t\t\t<div class=\"elementor-container elementor-column-gap-default\">\n\t\t\t\t\t<div class=\"elementor-column elementor-col-100 elementor-top-column elementor-element elementor-element-4e4e086\" data-id=\"4e4e086\" data-element_type=\"column\">\n\t\t\t<div class=\"elementor-widget-wrap elementor-element-populated\">\n\t\t\t\t\t\t\t\t<div class=\"elementor-element elementor-element-af9e780 elementor-headline--style-highlight elementor-widget elementor-widget-animated-headline\" data-id=\"af9e780\" data-element_type=\"widget\" data-settings=\"{&quot;marker&quot;:&quot;underline&quot;,&quot;highlighted_text&quot;:&quot;OSB Kapl\\u0131 Levha\\u200b&quot;,&quot;headline_style&quot;:&quot;highlight&quot;,&quot;loop&quot;:&quot;yes&quot;,&quot;highlight_animation_duration&quot;:1200,&quot;highlight_iteration_delay&quot;:8000}\" data-widget_type=\"animated-headline.default\">\n\t\t\t\t<div class=\"elementor-widget-container\">\n\t\t\t<link rel=\"stylesheet\" href=\"https:\/\/www.anadoluictasyalitim.com\/wp-content\/plugins\/elementor-pro\/assets\/css\/widget-animated-headline.min.css\">\t\t<h3 class=\"elementor-headline\">\n\t\t\t\t<span class=\"elementor-headline-dynamic-wrapper elementor-headline-text-wrapper\">\n\t\t\t\t\t<span class=\"elementor-headline-dynamic-text elementor-headline-text-active\">OSB Kapl\u0131 Levha\u200b<\/span>\n\t\t\t\t<\/span>\n\t\t\t\t<\/h3>\n\t\t\t\t<\/div>\n\t\t\t\t<\/div>\n\t\t\t\t\t<\/div>\n\t\t<\/div>\n\t\t\t\t\t\t\t<\/div>\n\t\t<\/section>\n\t\t\t\t<section class=\"elementor-section elementor-top-section elementor-element elementor-element-36b6651 elementor-section-boxed elementor-section-height-default elementor-section-height-default\" data-id=\"36b6651\" data-element_type=\"section\">\n\t\t\t\t\t\t<div class=\"elementor-container elementor-column-gap-default\">\n\t\t\t\t\t<div class=\"elementor-column elementor-col-33 elementor-top-column elementor-element elementor-element-4a5fa8d\" data-id=\"4a5fa8d\" data-element_type=\"column\">\n\t\t\t<div class=\"elementor-widget-wrap\">\n\t\t\t\t\t\t\t\t\t<\/div>\n\t\t<\/div>\n\t\t\t\t<div class=\"elementor-column elementor-col-33 elementor-top-column elementor-element elementor-element-beef318\" data-id=\"beef318\" data-element_type=\"column\">\n\t\t\t<div class=\"elementor-widget-wrap elementor-element-populated\">\n\t\t\t\t\t\t\t\t<div class=\"elementor-element elementor-element-90dc78c elementor-widget elementor-widget-image\" data-id=\"90dc78c\" data-element_type=\"widget\" data-widget_type=\"image.default\">\n\t\t\t\t<div class=\"elementor-widget-container\">\n\t\t\t<style>\/*! elementor - v3.12.1 - 02-04-2023 *\/\n.elementor-widget-image{text-align:center}.elementor-widget-image a{display:inline-block}.elementor-widget-image a img[src$=\".svg\"]{width:48px}.elementor-widget-image img{vertical-align:middle;display:inline-block}<\/style>\t\t\t\t\t\t\t\t\t\t\t\t<img loading=\"lazy\" decoding=\"async\" width=\"1024\" height=\"575\" src=\"https:\/\/www.anadoluictasyalitim.com\/wp-content\/uploads\/2023\/02\/osb-kapli-levha-1-1024x575.jpg\" class=\"attachment-large size-large wp-image-6197\" alt=\"\" srcset=\"https:\/\/www.anadoluictasyalitim.com\/wp-content\/uploads\/2023\/02\/osb-kapli-levha-1-1024x575.jpg 1024w, https:\/\/www.anadoluictasyalitim.com\/wp-content\/uploads\/2023\/02\/osb-kapli-levha-1-300x168.jpg 300w, https:\/\/www.anadoluictasyalitim.com\/wp-content\/uploads\/2023\/02\/osb-kapli-levha-1-768x431.jpg 768w, https:\/\/www.anadoluictasyalitim.com\/wp-content\/uploads\/2023\/02\/osb-kapli-levha-1.jpg 1037w\" sizes=\"auto, (max-width: 1024px) 100vw, 1024px\" \/>\t\t\t\t\t\t\t\t\t\t\t\t\t\t\t<\/div>\n\t\t\t\t<\/div>\n\t\t\t\t\t<\/div>\n\t\t<\/div>\n\t\t\t\t<div class=\"elementor-column elementor-col-33 elementor-top-column elementor-element elementor-element-508f14f\" data-id=\"508f14f\" data-element_type=\"column\">\n\t\t\t<div class=\"elementor-widget-wrap\">\n\t\t\t\t\t\t\t\t\t<\/div>\n\t\t<\/div>\n\t\t\t\t\t\t\t<\/div>\n\t\t<\/section>\n\t\t\t\t<section class=\"elementor-section elementor-top-section elementor-element elementor-element-68339c0 elementor-section-boxed elementor-section-height-default elementor-section-height-default\" data-id=\"68339c0\" data-element_type=\"section\">\n\t\t\t\t\t\t<div class=\"elementor-container elementor-column-gap-default\">\n\t\t\t\t\t<div class=\"elementor-column elementor-col-100 elementor-top-column elementor-element elementor-element-2d12aaf\" data-id=\"2d12aaf\" data-element_type=\"column\">\n\t\t\t<div class=\"elementor-widget-wrap elementor-element-populated\">\n\t\t\t\t\t\t\t\t<div class=\"elementor-element elementor-element-e01fbb4 elementor-widget elementor-widget-accordion\" data-id=\"e01fbb4\" data-element_type=\"widget\" data-widget_type=\"accordion.default\">\n\t\t\t\t<div class=\"elementor-widget-container\">\n\t\t\t<style>\/*! elementor - v3.12.1 - 02-04-2023 *\/\n.elementor-accordion{text-align:left}.elementor-accordion .elementor-accordion-item{border:1px solid #d5d8dc}.elementor-accordion .elementor-accordion-item+.elementor-accordion-item{border-top:none}.elementor-accordion .elementor-tab-title{margin:0;padding:15px 20px;font-weight:700;line-height:1;cursor:pointer;outline:none}.elementor-accordion .elementor-tab-title .elementor-accordion-icon{display:inline-block;width:1.5em}.elementor-accordion .elementor-tab-title .elementor-accordion-icon svg{width:1em;height:1em}.elementor-accordion .elementor-tab-title .elementor-accordion-icon.elementor-accordion-icon-right{float:right;text-align:right}.elementor-accordion .elementor-tab-title .elementor-accordion-icon.elementor-accordion-icon-left{float:left;text-align:left}.elementor-accordion .elementor-tab-title .elementor-accordion-icon .elementor-accordion-icon-closed{display:block}.elementor-accordion .elementor-tab-title .elementor-accordion-icon .elementor-accordion-icon-opened,.elementor-accordion .elementor-tab-title.elementor-active .elementor-accordion-icon-closed{display:none}.elementor-accordion .elementor-tab-title.elementor-active .elementor-accordion-icon-opened{display:block}.elementor-accordion .elementor-tab-content{display:none;padding:15px 20px;border-top:1px solid #d5d8dc}@media (max-width:767px){.elementor-accordion .elementor-tab-title{padding:12px 15px}.elementor-accordion .elementor-tab-title .elementor-accordion-icon{width:1.2em}.elementor-accordion .elementor-tab-content{padding:7px 15px}}.e-con-inner>.elementor-widget-accordion,.e-con>.elementor-widget-accordion{width:var(--container-widget-width);--flex-grow:var(--container-widget-flex-grow)}<\/style>\t\t<div class=\"elementor-accordion\" role=\"tablist\">\n\t\t\t\t\t\t\t<div class=\"elementor-accordion-item\">\n\t\t\t\t\t<div id=\"elementor-tab-title-2351\" class=\"elementor-tab-title\" data-tab=\"1\" role=\"tab\" aria-controls=\"elementor-tab-content-2351\" aria-expanded=\"false\">\n\t\t\t\t\t\t\t\t\t\t\t\t\t<span class=\"elementor-accordion-icon elementor-accordion-icon-left\" aria-hidden=\"true\">\n\t\t\t\t\t\t\t\t\t\t\t\t\t\t\t<span class=\"elementor-accordion-icon-closed\"><i class=\"fas fa-plus\"><\/i><\/span>\n\t\t\t\t\t\t\t\t<span class=\"elementor-accordion-icon-opened\"><i class=\"fas fa-minus\"><\/i><\/span>\n\t\t\t\t\t\t\t\t\t\t\t\t\t\t<\/span>\n\t\t\t\t\t\t\t\t\t\t\t\t<a class=\"elementor-accordion-title\" href=\"\">Yal\u0131t\u0131m Levhas\u0131 Nedir ?<\/a>\n\t\t\t\t\t<\/div>\n\t\t\t\t\t<div id=\"elementor-tab-content-2351\" class=\"elementor-tab-content elementor-clearfix\" data-tab=\"1\" role=\"tabpanel\" aria-labelledby=\"elementor-tab-title-2351\"><div id=\"AnKAY9L6Ov2G9u8Pp6u5iA0__3\"><div class=\"wDYxhc\" data-md=\"61\"><div class=\"LGOjhe\" role=\"heading\" data-attrid=\"wa:\/description\" aria-level=\"3\" data-hveid=\"CAYQAA\">Expande polistren (EPS) olarak adland\u0131rd\u0131\u011f\u0131m\u0131z \u201c\u0131s\u0131 yal\u0131t\u0131m levhas\u0131\u201d petrol t\u00fcrevi malzemelerin de\u011fi\u015fik \u015fi\u015firme gazlar\u0131yla geni\u015fletilerek k\u00f6p\u00fck haline getirilmesiyle de\u011fi\u015fik yo\u011funluklarda \u00fcretilebilen kapal\u0131 h\u00fccreli organik k\u00f6kenli bir d\u0131\u015f cephe kaplama malzemesidir.<\/div><\/div><\/div><\/div>\n\t\t\t\t<\/div>\n\t\t\t\t\t\t\t<div class=\"elementor-accordion-item\">\n\t\t\t\t\t<div id=\"elementor-tab-title-2352\" class=\"elementor-tab-title\" data-tab=\"2\" role=\"tab\" aria-controls=\"elementor-tab-content-2352\" aria-expanded=\"false\">\n\t\t\t\t\t\t\t\t\t\t\t\t\t<span class=\"elementor-accordion-icon elementor-accordion-icon-left\" aria-hidden=\"true\">\n\t\t\t\t\t\t\t\t\t\t\t\t\t\t\t<span class=\"elementor-accordion-icon-closed\"><i class=\"fas fa-plus\"><\/i><\/span>\n\t\t\t\t\t\t\t\t<span class=\"elementor-accordion-icon-opened\"><i class=\"fas fa-minus\"><\/i><\/span>\n\t\t\t\t\t\t\t\t\t\t\t\t\t\t<\/span>\n\t\t\t\t\t\t\t\t\t\t\t\t<a class=\"elementor-accordion-title\" href=\"\">Hangi Is\u0131 Yal\u0131t\u0131m Levhas\u0131n\u0131 Se\u00e7meliyim ?<\/a>\n\t\t\t\t\t<\/div>\n\t\t\t\t\t<div id=\"elementor-tab-content-2352\" class=\"elementor-tab-content elementor-clearfix\" data-tab=\"2\" role=\"tabpanel\" aria-labelledby=\"elementor-tab-title-2352\"><div id=\"AnKAY9L6Ov2G9u8Pp6u5iA0__6\"><div class=\"wDYxhc\" data-md=\"61\"><div class=\"LGOjhe\" role=\"heading\" data-attrid=\"wa:\/description\" aria-level=\"3\" data-hveid=\"CAUQAA\">EPS ve XPS\u2019e g\u00f6re a\u011f\u0131rl\u0131\u011f\u0131 daha fazla ve fiyat\u0131 daha pahal\u0131 bir malzeme olan ta\u015f y\u00fcn\u00fc \u0131s\u0131 yal\u0131t\u0131m levhalar\u0131 su emme a\u00e7\u0131s\u0131ndan en d\u00fc\u015f\u00fck performansa sahiptir. Nefes alma kabiliyeti ise EPS ve XPS\u2019e g\u00f6re daha iyi, su buhar\u0131 ge\u00e7irgenlik de\u011feri en iyi olan \u0131s\u0131 yal\u0131t\u0131m levhad\u0131r.<\/div><\/div><\/div><\/div>\n\t\t\t\t<\/div>\n\t\t\t\t\t\t\t<div class=\"elementor-accordion-item\">\n\t\t\t\t\t<div id=\"elementor-tab-title-2353\" class=\"elementor-tab-title\" data-tab=\"3\" role=\"tab\" aria-controls=\"elementor-tab-content-2353\" aria-expanded=\"false\">\n\t\t\t\t\t\t\t\t\t\t\t\t\t<span class=\"elementor-accordion-icon elementor-accordion-icon-left\" aria-hidden=\"true\">\n\t\t\t\t\t\t\t\t\t\t\t\t\t\t\t<span class=\"elementor-accordion-icon-closed\"><i class=\"fas fa-plus\"><\/i><\/span>\n\t\t\t\t\t\t\t\t<span class=\"elementor-accordion-icon-opened\"><i class=\"fas fa-minus\"><\/i><\/span>\n\t\t\t\t\t\t\t\t\t\t\t\t\t\t<\/span>\n\t\t\t\t\t\t\t\t\t\t\t\t<a class=\"elementor-accordion-title\" href=\"\">Mantolama m\u0131 Is\u0131 Yal\u0131t\u0131m S\u0131vas\u0131 m\u0131 ?<\/a>\n\t\t\t\t\t<\/div>\n\t\t\t\t\t<div id=\"elementor-tab-content-2353\" class=\"elementor-tab-content elementor-clearfix\" data-tab=\"3\" role=\"tabpanel\" aria-labelledby=\"elementor-tab-title-2353\"><p>Buda \u0131s\u0131 yal\u0131t\u0131m s\u0131vas\u0131 ile m\u00fcmk\u00fcnd\u00fcr. S\u00fcrekli olarak bir \u0131s\u0131tma cihaz\u0131 kullan\u0131lmayan ve g\u00fcne\u015f \u0131\u015f\u0131nlar\u0131na \u00e7ok fazla maruz kalan evler i\u00e7in ise mantolama i\u015flemi daha uygundur.<\/p><\/div>\n\t\t\t\t<\/div>\n\t\t\t\t\t\t\t\t<\/div>\n\t\t\t\t<\/div>\n\t\t\t\t<\/div>\n\t\t\t\t\t<\/div>\n\t\t<\/div>\n\t\t\t\t\t\t\t<\/div>\n\t\t<\/section>\n\t\t\t\t<section class=\"elementor-section elementor-top-section elementor-element elementor-element-f2ad08a elementor-section-boxed elementor-section-height-default elementor-section-height-default\" data-id=\"f2ad08a\" data-element_type=\"section\">\n\t\t\t\t\t\t<div class=\"elementor-container elementor-column-gap-default\">\n\t\t\t\t\t<div class=\"elementor-column elementor-col-100 elementor-top-column elementor-element elementor-element-45207e6\" data-id=\"45207e6\" data-element_type=\"column\">\n\t\t\t<div class=\"elementor-widget-wrap elementor-element-populated\">\n\t\t\t\t\t\t\t\t<div class=\"elementor-element elementor-element-0419596 elementor-headline--style-highlight elementor-widget elementor-widget-animated-headline\" data-id=\"0419596\" data-element_type=\"widget\" data-settings=\"{&quot;marker&quot;:&quot;underline&quot;,&quot;highlighted_text&quot;:&quot;OSB Kapl\\u0131 Levha\\u200b Teknik \\u00d6zellikleri&quot;,&quot;headline_style&quot;:&quot;highlight&quot;,&quot;loop&quot;:&quot;yes&quot;,&quot;highlight_animation_duration&quot;:1200,&quot;highlight_iteration_delay&quot;:8000}\" data-widget_type=\"animated-headline.default\">\n\t\t\t\t<div class=\"elementor-widget-container\">\n\t\t\t\t\t<h3 class=\"elementor-headline\">\n\t\t\t\t<span class=\"elementor-headline-dynamic-wrapper elementor-headline-text-wrapper\">\n\t\t\t\t\t<span class=\"elementor-headline-dynamic-text elementor-headline-text-active\">OSB Kapl\u0131 Levha\u200b Teknik \u00d6zellikleri<\/span>\n\t\t\t\t<\/span>\n\t\t\t\t<\/h3>\n\t\t\t\t<\/div>\n\t\t\t\t<\/div>\n\t\t\t\t\t<\/div>\n\t\t<\/div>\n\t\t\t\t\t\t\t<\/div>\n\t\t<\/section>\n\t\t\t\t<section class=\"elementor-section elementor-top-section elementor-element elementor-element-a7048cf elementor-section-boxed elementor-section-height-default elementor-section-height-default\" data-id=\"a7048cf\" data-element_type=\"section\">\n\t\t\t\t\t\t<div class=\"elementor-container elementor-column-gap-default\">\n\t\t\t\t\t<div class=\"elementor-column elementor-col-100 elementor-top-column elementor-element elementor-element-36282c9\" data-id=\"36282c9\" data-element_type=\"column\">\n\t\t\t<div class=\"elementor-widget-wrap elementor-element-populated\">\n\t\t\t\t\t\t\t\t<div class=\"elementor-element elementor-element-e5fcb6e elementor-widget elementor-widget-text-editor\" data-id=\"e5fcb6e\" data-element_type=\"widget\" data-widget_type=\"text-editor.default\">\n\t\t\t\t<div class=\"elementor-widget-container\">\n\t\t\t<style>\/*! elementor - v3.12.1 - 02-04-2023 *\/\n.elementor-widget-text-editor.elementor-drop-cap-view-stacked .elementor-drop-cap{background-color:#69727d;color:#fff}.elementor-widget-text-editor.elementor-drop-cap-view-framed .elementor-drop-cap{color:#69727d;border:3px solid;background-color:transparent}.elementor-widget-text-editor:not(.elementor-drop-cap-view-default) .elementor-drop-cap{margin-top:8px}.elementor-widget-text-editor:not(.elementor-drop-cap-view-default) .elementor-drop-cap-letter{width:1em;height:1em}.elementor-widget-text-editor .elementor-drop-cap{float:left;text-align:center;line-height:1;font-size:50px}.elementor-widget-text-editor .elementor-drop-cap-letter{display:inline-block}<\/style>\t\t\t\t<ul><li class=\"li2 bullet-checkmark\">Kapal\u0131 ve d\u00fczg\u00fcn h\u00fccre yap\u0131s\u0131<\/li><li class=\"li2 bullet-checkmark\">Son derece d\u00fc\u015f\u00fck nem emme<\/li><li class=\"li2 bullet-checkmark\">\u00c7ok iyi mekanik dayan\u0131m<\/li><li class=\"li2 bullet-checkmark\">Uzun vadeli y\u00fcksek yal\u0131t\u0131m, performans verimlili\u011fi<\/li><li class=\"li2 bullet-checkmark\">Boyutsal kararl\u0131l\u0131k<\/li><li class=\"li2 bullet-checkmark\">S\u0131cakl\u0131k \u00e7evrimine kar\u015f\u0131 y\u00fcksek diren\u00e7<\/li><li class=\"li2 bullet-checkmark\">Ya\u015flanmaya kar\u015f\u0131 y\u00fcksek diren\u00e7<\/li><li class=\"li2 bullet-checkmark\">Su emilimine kar\u015f\u0131 \u00e7ok y\u00fcksek diren\u00e7.<\/li><li class=\"li2 bullet-checkmark\">Buhar bariyeri gerektirmez.<\/li><li class=\"li2 bullet-checkmark\">Bo\u015fluk duvar konstr\u00fcksiyonundan etkilenmez.<\/li><li class=\"li2 bullet-checkmark\">Y\u00fcksek uzun s\u00fcreli yal\u0131t\u0131m de\u011feri.<\/li><li class=\"li2 bullet-checkmark\">\u0130\u00e7 duvarlar\u0131 yo\u011fu\u015fmaya kar\u015f\u0131 korur.<\/li><li class=\"li2 bullet-checkmark\">Kullan\u0131m\u0131, kesimi ve montaj\u0131 kolayd\u0131r.<\/li><li class=\"li2 bullet-checkmark\">Levhalar, daha fazla alan\u0131 kapsamaya yard\u0131mc\u0131 olmak ve dolay\u0131s\u0131yla kurulum s\u00fcresini ve maliyetini azaltmak i\u00e7in \u00f6zellikle uzundur.<\/li><li class=\"li2 bullet-checkmark\">\u00c7\u00fcr\u00fcmez veya yerle\u015fmez.<\/li><li class=\"li2 bullet-checkmark\">Bo\u015fluklu duvar uygulamalar\u0131nda son derece d\u00fc\u015f\u00fck maliyetlidir.<\/li><li class=\"li2 bullet-checkmark\">G\u00fc\u00e7l\u00fc sert , kolayca hasar g\u00f6rmez<\/li><\/ul>\t\t\t\t\t\t<\/div>\n\t\t\t\t<\/div>\n\t\t\t\t\t<\/div>\n\t\t<\/div>\n\t\t\t\t\t\t\t<\/div>\n\t\t<\/section>\n\t\t\t\t\t\t\t<\/div>\n\t\t","protected":false},"excerpt":{"rendered":"<p>OSB Kapl\u0131 Levha\u200b Yal\u0131t\u0131m Levhas\u0131 Nedir ? Expande polistren (EPS) olarak adland\u0131rd\u0131\u011f\u0131m\u0131z \u201c\u0131s\u0131 yal\u0131t\u0131m levhas\u0131\u201d petrol t\u00fcrevi malzemelerin de\u011fi\u015fik \u015fi\u015firme [&hellip;]<\/p>\n","protected":false},"author":1,"featured_media":0,"parent":0,"menu_order":0,"comment_status":"closed","ping_status":"closed","template":"","meta":{"footnotes":""},"class_list":["post-894","page","type-page","status-publish","hentry"],"yoast_head":"<!-- This site is optimized with the Yoast SEO plugin v20.5 - https:\/\/yoast.com\/wordpress\/plugins\/seo\/ -->\n<title>OSB Levha - Anadolu \u0130\u00e7ta\u015f End\u00fcstriyel Yal\u0131t\u0131m San. Tic. Ltd. \u015eti.<\/title>\n<meta name=\"robots\" content=\"index, follow, max-snippet:-1, max-image-preview:large, max-video-preview:-1\" \/>\n<link rel=\"canonical\" href=\"https:\/\/www.anadoluictasyalitim.com\/index.php\/osb-kapli-levha-2\/\" \/>\n<meta property=\"og:locale\" content=\"tr_TR\" \/>\n<meta property=\"og:type\" content=\"article\" \/>\n<meta property=\"og:title\" content=\"OSB Levha - Anadolu \u0130\u00e7ta\u015f End\u00fcstriyel Yal\u0131t\u0131m San. Tic. Ltd. \u015eti.\" \/>\n<meta property=\"og:description\" content=\"OSB Kapl\u0131 Levha\u200b Yal\u0131t\u0131m Levhas\u0131 Nedir ? Expande polistren (EPS) olarak adland\u0131rd\u0131\u011f\u0131m\u0131z \u201c\u0131s\u0131 yal\u0131t\u0131m levhas\u0131\u201d petrol t\u00fcrevi malzemelerin de\u011fi\u015fik \u015fi\u015firme [&hellip;]\" \/>\n<meta property=\"og:url\" content=\"https:\/\/www.anadoluictasyalitim.com\/index.php\/osb-kapli-levha-2\/\" \/>\n<meta property=\"og:site_name\" content=\"Anadolu \u0130\u00e7ta\u015f End\u00fcstriyel Yal\u0131t\u0131m San. Tic. Ltd. \u015eti.\" \/>\n<meta property=\"article:modified_time\" content=\"2023-03-27T22:10:24+00:00\" \/>\n<meta property=\"og:image\" content=\"https:\/\/www.anadoluictasyalitim.com\/wp-content\/uploads\/2023\/02\/osb-kapli-levha-1-1024x575.jpg\" \/>\n<meta name=\"twitter:card\" content=\"summary_large_image\" \/>\n<meta name=\"twitter:label1\" content=\"Tahmini okuma s\u00fcresi\" \/>\n\t<meta name=\"twitter:data1\" content=\"2 dakika\" \/>\n<script type=\"application\/ld+json\" class=\"yoast-schema-graph\">{\"@context\":\"https:\/\/schema.org\",\"@graph\":[{\"@type\":\"WebPage\",\"@id\":\"https:\/\/www.anadoluictasyalitim.com\/index.php\/osb-kapli-levha-2\/\",\"url\":\"https:\/\/www.anadoluictasyalitim.com\/index.php\/osb-kapli-levha-2\/\",\"name\":\"OSB Levha - Anadolu \u0130\u00e7ta\u015f End\u00fcstriyel Yal\u0131t\u0131m San. Tic. Ltd. \u015eti.\",\"isPartOf\":{\"@id\":\"https:\/\/www.anadoluictasyalitim.com\/#website\"},\"datePublished\":\"2023-02-07T10:00:36+00:00\",\"dateModified\":\"2023-03-27T22:10:24+00:00\",\"breadcrumb\":{\"@id\":\"https:\/\/www.anadoluictasyalitim.com\/index.php\/osb-kapli-levha-2\/#breadcrumb\"},\"inLanguage\":\"tr\",\"potentialAction\":[{\"@type\":\"ReadAction\",\"target\":[\"https:\/\/www.anadoluictasyalitim.com\/index.php\/osb-kapli-levha-2\/\"]}]},{\"@type\":\"BreadcrumbList\",\"@id\":\"https:\/\/www.anadoluictasyalitim.com\/index.php\/osb-kapli-levha-2\/#breadcrumb\",\"itemListElement\":[{\"@type\":\"ListItem\",\"position\":1,\"name\":\"Anasayfa\",\"item\":\"https:\/\/www.anadoluictasyalitim.com\/\"},{\"@type\":\"ListItem\",\"position\":2,\"name\":\"OSB Levha\"}]},{\"@type\":\"WebSite\",\"@id\":\"https:\/\/www.anadoluictasyalitim.com\/#website\",\"url\":\"https:\/\/www.anadoluictasyalitim.com\/\",\"name\":\"Anadolu \u0130\u00e7ta\u015f End\u00fcstriyel Yal\u0131t\u0131m San. Tic. Ltd. \u015eti.\",\"description\":\"\",\"publisher\":{\"@id\":\"https:\/\/www.anadoluictasyalitim.com\/#organization\"},\"potentialAction\":[{\"@type\":\"SearchAction\",\"target\":{\"@type\":\"EntryPoint\",\"urlTemplate\":\"https:\/\/www.anadoluictasyalitim.com\/?s={search_term_string}\"},\"query-input\":\"required name=search_term_string\"}],\"inLanguage\":\"tr\"},{\"@type\":\"Organization\",\"@id\":\"https:\/\/www.anadoluictasyalitim.com\/#organization\",\"name\":\"Anadolu \u0130\u00e7ta\u015f End\u00fcstriyel Yal\u0131t\u0131m San. Tic. Ltd. \u015eti.\",\"url\":\"https:\/\/www.anadoluictasyalitim.com\/\",\"logo\":{\"@type\":\"ImageObject\",\"inLanguage\":\"tr\",\"@id\":\"https:\/\/www.anadoluictasyalitim.com\/#\/schema\/logo\/image\/\",\"url\":\"https:\/\/www.anadoluictasyalitim.com\/wp-content\/uploads\/2023\/02\/WhatsApp_Image_2023-02-16_at_16.45.54-removebg-preview.png\",\"contentUrl\":\"https:\/\/www.anadoluictasyalitim.com\/wp-content\/uploads\/2023\/02\/WhatsApp_Image_2023-02-16_at_16.45.54-removebg-preview.png\",\"width\":436,\"height\":136,\"caption\":\"Anadolu \u0130\u00e7ta\u015f End\u00fcstriyel Yal\u0131t\u0131m San. Tic. Ltd. \u015eti.\"},\"image\":{\"@id\":\"https:\/\/www.anadoluictasyalitim.com\/#\/schema\/logo\/image\/\"}}]}<\/script>\n<!-- \/ Yoast SEO plugin. -->","yoast_head_json":{"title":"OSB Levha - Anadolu \u0130\u00e7ta\u015f End\u00fcstriyel Yal\u0131t\u0131m San. Tic. Ltd. \u015eti.","robots":{"index":"index","follow":"follow","max-snippet":"max-snippet:-1","max-image-preview":"max-image-preview:large","max-video-preview":"max-video-preview:-1"},"canonical":"https:\/\/www.anadoluictasyalitim.com\/index.php\/osb-kapli-levha-2\/","og_locale":"tr_TR","og_type":"article","og_title":"OSB Levha - Anadolu \u0130\u00e7ta\u015f End\u00fcstriyel Yal\u0131t\u0131m San. Tic. Ltd. \u015eti.","og_description":"OSB Kapl\u0131 Levha\u200b Yal\u0131t\u0131m Levhas\u0131 Nedir ? Expande polistren (EPS) olarak adland\u0131rd\u0131\u011f\u0131m\u0131z \u201c\u0131s\u0131 yal\u0131t\u0131m levhas\u0131\u201d petrol t\u00fcrevi malzemelerin de\u011fi\u015fik \u015fi\u015firme [&hellip;]","og_url":"https:\/\/www.anadoluictasyalitim.com\/index.php\/osb-kapli-levha-2\/","og_site_name":"Anadolu \u0130\u00e7ta\u015f End\u00fcstriyel Yal\u0131t\u0131m San. Tic. Ltd. \u015eti.","article_modified_time":"2023-03-27T22:10:24+00:00","og_image":[{"url":"https:\/\/www.anadoluictasyalitim.com\/wp-content\/uploads\/2023\/02\/osb-kapli-levha-1-1024x575.jpg"}],"twitter_card":"summary_large_image","twitter_misc":{"Tahmini okuma s\u00fcresi":"2 dakika"},"schema":{"@context":"https:\/\/schema.org","@graph":[{"@type":"WebPage","@id":"https:\/\/www.anadoluictasyalitim.com\/index.php\/osb-kapli-levha-2\/","url":"https:\/\/www.anadoluictasyalitim.com\/index.php\/osb-kapli-levha-2\/","name":"OSB Levha - Anadolu \u0130\u00e7ta\u015f End\u00fcstriyel Yal\u0131t\u0131m San. Tic. Ltd. \u015eti.","isPartOf":{"@id":"https:\/\/www.anadoluictasyalitim.com\/#website"},"datePublished":"2023-02-07T10:00:36+00:00","dateModified":"2023-03-27T22:10:24+00:00","breadcrumb":{"@id":"https:\/\/www.anadoluictasyalitim.com\/index.php\/osb-kapli-levha-2\/#breadcrumb"},"inLanguage":"tr","potentialAction":[{"@type":"ReadAction","target":["https:\/\/www.anadoluictasyalitim.com\/index.php\/osb-kapli-levha-2\/"]}]},{"@type":"BreadcrumbList","@id":"https:\/\/www.anadoluictasyalitim.com\/index.php\/osb-kapli-levha-2\/#breadcrumb","itemListElement":[{"@type":"ListItem","position":1,"name":"Anasayfa","item":"https:\/\/www.anadoluictasyalitim.com\/"},{"@type":"ListItem","position":2,"name":"OSB Levha"}]},{"@type":"WebSite","@id":"https:\/\/www.anadoluictasyalitim.com\/#website","url":"https:\/\/www.anadoluictasyalitim.com\/","name":"Anadolu \u0130\u00e7ta\u015f End\u00fcstriyel Yal\u0131t\u0131m San. Tic. Ltd. \u015eti.","description":"","publisher":{"@id":"https:\/\/www.anadoluictasyalitim.com\/#organization"},"potentialAction":[{"@type":"SearchAction","target":{"@type":"EntryPoint","urlTemplate":"https:\/\/www.anadoluictasyalitim.com\/?s={search_term_string}"},"query-input":"required name=search_term_string"}],"inLanguage":"tr"},{"@type":"Organization","@id":"https:\/\/www.anadoluictasyalitim.com\/#organization","name":"Anadolu \u0130\u00e7ta\u015f End\u00fcstriyel Yal\u0131t\u0131m San. Tic. Ltd. \u015eti.","url":"https:\/\/www.anadoluictasyalitim.com\/","logo":{"@type":"ImageObject","inLanguage":"tr","@id":"https:\/\/www.anadoluictasyalitim.com\/#\/schema\/logo\/image\/","url":"https:\/\/www.anadoluictasyalitim.com\/wp-content\/uploads\/2023\/02\/WhatsApp_Image_2023-02-16_at_16.45.54-removebg-preview.png","contentUrl":"https:\/\/www.anadoluictasyalitim.com\/wp-content\/uploads\/2023\/02\/WhatsApp_Image_2023-02-16_at_16.45.54-removebg-preview.png","width":436,"height":136,"caption":"Anadolu \u0130\u00e7ta\u015f End\u00fcstriyel Yal\u0131t\u0131m San. Tic. Ltd. \u015eti."},"image":{"@id":"https:\/\/www.anadoluictasyalitim.com\/#\/schema\/logo\/image\/"}}]}},"_links":{"self":[{"href":"https:\/\/www.anadoluictasyalitim.com\/index.php\/wp-json\/wp\/v2\/pages\/894","targetHints":{"allow":["GET"]}}],"collection":[{"href":"https:\/\/www.anadoluictasyalitim.com\/index.php\/wp-json\/wp\/v2\/pages"}],"about":[{"href":"https:\/\/www.anadoluictasyalitim.com\/index.php\/wp-json\/wp\/v2\/types\/page"}],"author":[{"embeddable":true,"href":"https:\/\/www.anadoluictasyalitim.com\/index.php\/wp-json\/wp\/v2\/users\/1"}],"replies":[{"embeddable":true,"href":"https:\/\/www.anadoluictasyalitim.com\/index.php\/wp-json\/wp\/v2\/comments?post=894"}],"version-history":[{"count":4,"href":"https:\/\/www.anadoluictasyalitim.com\/index.php\/wp-json\/wp\/v2\/pages\/894\/revisions"}],"predecessor-version":[{"id":6493,"href":"https:\/\/www.anadoluictasyalitim.com\/index.php\/wp-json\/wp\/v2\/pages\/894\/revisions\/6493"}],"wp:attachment":[{"href":"https:\/\/www.anadoluictasyalitim.com\/index.php\/wp-json\/wp\/v2\/media?parent=894"}],"curies":[{"name":"wp","href":"https:\/\/api.w.org\/{rel}","templated":true}]}}