{"id":863,"date":"2023-02-07T12:18:24","date_gmt":"2023-02-07T09:18:24","guid":{"rendered":"https:\/\/www.anadoluictas.com\/?page_id=863"},"modified":"2023-03-22T17:20:21","modified_gmt":"2023-03-22T14:20:21","slug":"elastomerik-boru-yalitimi","status":"publish","type":"page","link":"https:\/\/www.anadoluictasyalitim.com\/index.php\/elastomerik-boru-yalitimi\/","title":{"rendered":"Elastomerik Boru Yal\u0131t\u0131m\u0131"},"content":{"rendered":"\t\t<div data-elementor-type=\"wp-page\" data-elementor-id=\"863\" class=\"elementor elementor-863\">\n\t\t\t\t\t\t\t\t\t<section class=\"elementor-section elementor-top-section elementor-element elementor-element-9ffd2e9 elementor-section-boxed elementor-section-height-default elementor-section-height-default\" data-id=\"9ffd2e9\" data-element_type=\"section\">\n\t\t\t\t\t\t<div class=\"elementor-container elementor-column-gap-default\">\n\t\t\t\t\t<div class=\"elementor-column elementor-col-100 elementor-top-column elementor-element elementor-element-05777f1\" data-id=\"05777f1\" data-element_type=\"column\">\n\t\t\t<div class=\"elementor-widget-wrap elementor-element-populated\">\n\t\t\t\t\t\t\t\t<div class=\"elementor-element elementor-element-ce941aa elementor-headline--style-highlight elementor-widget elementor-widget-animated-headline\" data-id=\"ce941aa\" data-element_type=\"widget\" data-settings=\"{&quot;marker&quot;:&quot;underline&quot;,&quot;highlighted_text&quot;:&quot;Elastomerik Boru Yal\\u0131t\\u0131m\\u0131&quot;,&quot;headline_style&quot;:&quot;highlight&quot;,&quot;loop&quot;:&quot;yes&quot;,&quot;highlight_animation_duration&quot;:1200,&quot;highlight_iteration_delay&quot;:8000}\" data-widget_type=\"animated-headline.default\">\n\t\t\t\t<div class=\"elementor-widget-container\">\n\t\t\t<link rel=\"stylesheet\" href=\"https:\/\/www.anadoluictasyalitim.com\/wp-content\/plugins\/elementor-pro\/assets\/css\/widget-animated-headline.min.css\">\t\t<h3 class=\"elementor-headline\">\n\t\t\t\t<span class=\"elementor-headline-dynamic-wrapper elementor-headline-text-wrapper\">\n\t\t\t\t\t<span class=\"elementor-headline-dynamic-text elementor-headline-text-active\">Elastomerik Boru Yal\u0131t\u0131m\u0131<\/span>\n\t\t\t\t<\/span>\n\t\t\t\t<\/h3>\n\t\t\t\t<\/div>\n\t\t\t\t<\/div>\n\t\t\t\t\t<\/div>\n\t\t<\/div>\n\t\t\t\t\t\t\t<\/div>\n\t\t<\/section>\n\t\t\t\t<section class=\"elementor-section elementor-top-section elementor-element elementor-element-1decd29 elementor-section-boxed elementor-section-height-default elementor-section-height-default\" data-id=\"1decd29\" data-element_type=\"section\">\n\t\t\t\t\t\t<div class=\"elementor-container elementor-column-gap-default\">\n\t\t\t\t\t<div class=\"elementor-column elementor-col-33 elementor-top-column elementor-element elementor-element-34ccc36\" data-id=\"34ccc36\" data-element_type=\"column\">\n\t\t\t<div class=\"elementor-widget-wrap\">\n\t\t\t\t\t\t\t\t\t<\/div>\n\t\t<\/div>\n\t\t\t\t<div class=\"elementor-column elementor-col-33 elementor-top-column elementor-element elementor-element-b765b73\" data-id=\"b765b73\" data-element_type=\"column\">\n\t\t\t<div class=\"elementor-widget-wrap elementor-element-populated\">\n\t\t\t\t\t\t\t\t<div class=\"elementor-element elementor-element-290d335 elementor-widget elementor-widget-image\" data-id=\"290d335\" data-element_type=\"widget\" data-widget_type=\"image.default\">\n\t\t\t\t<div class=\"elementor-widget-container\">\n\t\t\t<style>\/*! elementor - v3.12.1 - 02-04-2023 *\/\n.elementor-widget-image{text-align:center}.elementor-widget-image a{display:inline-block}.elementor-widget-image a img[src$=\".svg\"]{width:48px}.elementor-widget-image img{vertical-align:middle;display:inline-block}<\/style>\t\t\t\t\t\t\t\t\t\t\t\t<img loading=\"lazy\" decoding=\"async\" width=\"750\" height=\"750\" src=\"https:\/\/www.anadoluictasyalitim.com\/wp-content\/uploads\/2023\/02\/elastomerik-kaucuk-boru-yalitimi-1-1.jpg\" class=\"attachment-large size-large wp-image-6104\" alt=\"\" srcset=\"https:\/\/www.anadoluictasyalitim.com\/wp-content\/uploads\/2023\/02\/elastomerik-kaucuk-boru-yalitimi-1-1.jpg 750w, https:\/\/www.anadoluictasyalitim.com\/wp-content\/uploads\/2023\/02\/elastomerik-kaucuk-boru-yalitimi-1-1-300x300.jpg 300w, https:\/\/www.anadoluictasyalitim.com\/wp-content\/uploads\/2023\/02\/elastomerik-kaucuk-boru-yalitimi-1-1-150x150.jpg 150w\" sizes=\"auto, (max-width: 750px) 100vw, 750px\" \/>\t\t\t\t\t\t\t\t\t\t\t\t\t\t\t<\/div>\n\t\t\t\t<\/div>\n\t\t\t\t\t<\/div>\n\t\t<\/div>\n\t\t\t\t<div class=\"elementor-column elementor-col-33 elementor-top-column elementor-element elementor-element-a88c4c6\" data-id=\"a88c4c6\" data-element_type=\"column\">\n\t\t\t<div class=\"elementor-widget-wrap\">\n\t\t\t\t\t\t\t\t\t<\/div>\n\t\t<\/div>\n\t\t\t\t\t\t\t<\/div>\n\t\t<\/section>\n\t\t\t\t<section class=\"elementor-section elementor-top-section elementor-element elementor-element-73a4a1a elementor-section-boxed elementor-section-height-default elementor-section-height-default\" data-id=\"73a4a1a\" data-element_type=\"section\">\n\t\t\t\t\t\t<div class=\"elementor-container elementor-column-gap-default\">\n\t\t\t\t\t<div class=\"elementor-column elementor-col-100 elementor-top-column elementor-element elementor-element-4048c47\" data-id=\"4048c47\" data-element_type=\"column\">\n\t\t\t<div class=\"elementor-widget-wrap elementor-element-populated\">\n\t\t\t\t\t\t\t\t<div class=\"elementor-element elementor-element-513f8cc elementor-widget elementor-widget-accordion\" data-id=\"513f8cc\" data-element_type=\"widget\" data-widget_type=\"accordion.default\">\n\t\t\t\t<div class=\"elementor-widget-container\">\n\t\t\t<style>\/*! elementor - v3.12.1 - 02-04-2023 *\/\n.elementor-accordion{text-align:left}.elementor-accordion .elementor-accordion-item{border:1px solid #d5d8dc}.elementor-accordion .elementor-accordion-item+.elementor-accordion-item{border-top:none}.elementor-accordion .elementor-tab-title{margin:0;padding:15px 20px;font-weight:700;line-height:1;cursor:pointer;outline:none}.elementor-accordion .elementor-tab-title .elementor-accordion-icon{display:inline-block;width:1.5em}.elementor-accordion .elementor-tab-title .elementor-accordion-icon svg{width:1em;height:1em}.elementor-accordion .elementor-tab-title .elementor-accordion-icon.elementor-accordion-icon-right{float:right;text-align:right}.elementor-accordion .elementor-tab-title .elementor-accordion-icon.elementor-accordion-icon-left{float:left;text-align:left}.elementor-accordion .elementor-tab-title .elementor-accordion-icon .elementor-accordion-icon-closed{display:block}.elementor-accordion .elementor-tab-title .elementor-accordion-icon .elementor-accordion-icon-opened,.elementor-accordion .elementor-tab-title.elementor-active .elementor-accordion-icon-closed{display:none}.elementor-accordion .elementor-tab-title.elementor-active .elementor-accordion-icon-opened{display:block}.elementor-accordion .elementor-tab-content{display:none;padding:15px 20px;border-top:1px solid #d5d8dc}@media (max-width:767px){.elementor-accordion .elementor-tab-title{padding:12px 15px}.elementor-accordion .elementor-tab-title .elementor-accordion-icon{width:1.2em}.elementor-accordion .elementor-tab-content{padding:7px 15px}}.e-con-inner>.elementor-widget-accordion,.e-con>.elementor-widget-accordion{width:var(--container-widget-width);--flex-grow:var(--container-widget-flex-grow)}<\/style>\t\t<div class=\"elementor-accordion\" role=\"tablist\">\n\t\t\t\t\t\t\t<div class=\"elementor-accordion-item\">\n\t\t\t\t\t<div id=\"elementor-tab-title-8511\" class=\"elementor-tab-title\" data-tab=\"1\" role=\"tab\" aria-controls=\"elementor-tab-content-8511\" aria-expanded=\"false\">\n\t\t\t\t\t\t\t\t\t\t\t\t\t<span class=\"elementor-accordion-icon elementor-accordion-icon-left\" aria-hidden=\"true\">\n\t\t\t\t\t\t\t\t\t\t\t\t\t\t\t<span class=\"elementor-accordion-icon-closed\"><i class=\"fas fa-plus\"><\/i><\/span>\n\t\t\t\t\t\t\t\t<span class=\"elementor-accordion-icon-opened\"><i class=\"fas fa-minus\"><\/i><\/span>\n\t\t\t\t\t\t\t\t\t\t\t\t\t\t<\/span>\n\t\t\t\t\t\t\t\t\t\t\t\t<a class=\"elementor-accordion-title\" href=\"\">Boru Yal\u0131t\u0131m\u0131 Nedir ?<\/a>\n\t\t\t\t\t<\/div>\n\t\t\t\t\t<div id=\"elementor-tab-content-8511\" class=\"elementor-tab-content elementor-clearfix\" data-tab=\"1\" role=\"tabpanel\" aria-labelledby=\"elementor-tab-title-8511\"><div id=\"AnKAY9L6Ov2G9u8Pp6u5iA0__3\"><div class=\"wDYxhc\" data-md=\"61\"><div class=\"LGOjhe\" role=\"heading\" data-attrid=\"wa:\/description\" aria-level=\"3\" data-hveid=\"CAYQAA\">Yap\u0131lar\u0131n, so\u011futma ve \u0131s\u0131tma tesisatlar\u0131n\u0131n so\u011futulmas\u0131 ve \u0131s\u0131t\u0131lmas\u0131n gerek olmayan yerlerden ge\u00e7en b\u00f6l\u00fcmleri ve bu b\u00f6l\u00fcmlerde bulunan vana, armat\u00fcrlerle mekanik tesisat\u0131 olu\u015fturmakta olan borular\u0131n, uygun \u00f6zelliklerde bulunan yal\u0131t\u0131m malzemeleri ile izole edilmesine Boru \u0130zolasyonu denir.<\/div><\/div><\/div><\/div>\n\t\t\t\t<\/div>\n\t\t\t\t\t\t\t<div class=\"elementor-accordion-item\">\n\t\t\t\t\t<div id=\"elementor-tab-title-8512\" class=\"elementor-tab-title\" data-tab=\"2\" role=\"tab\" aria-controls=\"elementor-tab-content-8512\" aria-expanded=\"false\">\n\t\t\t\t\t\t\t\t\t\t\t\t\t<span class=\"elementor-accordion-icon elementor-accordion-icon-left\" aria-hidden=\"true\">\n\t\t\t\t\t\t\t\t\t\t\t\t\t\t\t<span class=\"elementor-accordion-icon-closed\"><i class=\"fas fa-plus\"><\/i><\/span>\n\t\t\t\t\t\t\t\t<span class=\"elementor-accordion-icon-opened\"><i class=\"fas fa-minus\"><\/i><\/span>\n\t\t\t\t\t\t\t\t\t\t\t\t\t\t<\/span>\n\t\t\t\t\t\t\t\t\t\t\t\t<a class=\"elementor-accordion-title\" href=\"\">Boru Yal\u0131t\u0131m\u0131 Nas\u0131l Yap\u0131l\u0131r ?<\/a>\n\t\t\t\t\t<\/div>\n\t\t\t\t\t<div id=\"elementor-tab-content-8512\" class=\"elementor-tab-content elementor-clearfix\" data-tab=\"2\" role=\"tabpanel\" aria-labelledby=\"elementor-tab-title-8512\"><div id=\"AnKAY9L6Ov2G9u8Pp6u5iA0__6\"><div class=\"wDYxhc\" data-md=\"61\"><div class=\"LGOjhe\" role=\"heading\" data-attrid=\"wa:\/description\" aria-level=\"3\" data-hveid=\"CAUQAA\">Enine ba\u011flant\u0131lar plastik bant ile yap\u0131\u015ft\u0131r\u0131l\u0131r. Boru k\u0131s\u0131mlar\u0131n\u0131n biti\u015fleri, bitirme elemanlar\u0131 ile kapat\u0131l\u0131r. Bitirme eleman\u0131 band\u0131, biti\u015fin etraf\u0131nda sar\u0131l\u0131r ve per\u00e7in\/ \u00e7ivi ile sabitlenir. Bu uygulamalarda kullan\u0131lan camy\u00fcn\u00fc boru bi\u00e7imindeki \u0131s\u0131 yal\u0131t\u0131m malzemesinin d\u0131\u015f y\u00fcz\u00fc al\u00fcminyum folyo ile kapl\u0131d\u0131r.<\/div><\/div><\/div><\/div>\n\t\t\t\t<\/div>\n\t\t\t\t\t\t\t<div class=\"elementor-accordion-item\">\n\t\t\t\t\t<div id=\"elementor-tab-title-8513\" class=\"elementor-tab-title\" data-tab=\"3\" role=\"tab\" aria-controls=\"elementor-tab-content-8513\" aria-expanded=\"false\">\n\t\t\t\t\t\t\t\t\t\t\t\t\t<span class=\"elementor-accordion-icon elementor-accordion-icon-left\" aria-hidden=\"true\">\n\t\t\t\t\t\t\t\t\t\t\t\t\t\t\t<span class=\"elementor-accordion-icon-closed\"><i class=\"fas fa-plus\"><\/i><\/span>\n\t\t\t\t\t\t\t\t<span class=\"elementor-accordion-icon-opened\"><i class=\"fas fa-minus\"><\/i><\/span>\n\t\t\t\t\t\t\t\t\t\t\t\t\t\t<\/span>\n\t\t\t\t\t\t\t\t\t\t\t\t<a class=\"elementor-accordion-title\" href=\"\">Boru Yal\u0131t\u0131m\u0131 Neden Yap\u0131l\u0131r ?<\/a>\n\t\t\t\t\t<\/div>\n\t\t\t\t\t<div id=\"elementor-tab-content-8513\" class=\"elementor-tab-content elementor-clearfix\" data-tab=\"3\" role=\"tabpanel\" aria-labelledby=\"elementor-tab-title-8513\"><p>Boru izolasyonu yap\u0131l\u0131rken ilk ama\u00e7 enerji tasarrufu sa\u011flamakt\u0131r. Enerji tasarrufu hem \u00e7evrenin hem de borular\u0131 kullanan ki\u015filerin korunmas\u0131na yard\u0131mc\u0131 olmaktad\u0131r. Is\u0131tma borular\u0131nda yer alan boru izolasyonu, borudan ge\u00e7en \u0131s\u0131n\u0131n yal\u0131t\u0131m\u0131n\u0131 ve korunmas\u0131n\u0131 sa\u011flarken \u0131s\u0131 kayb\u0131n\u0131n \u00f6n\u00fcne ge\u00e7mektedir.<\/p><\/div>\n\t\t\t\t<\/div>\n\t\t\t\t\t\t\t\t<\/div>\n\t\t\t\t<\/div>\n\t\t\t\t<\/div>\n\t\t\t\t\t<\/div>\n\t\t<\/div>\n\t\t\t\t\t\t\t<\/div>\n\t\t<\/section>\n\t\t\t\t<section class=\"elementor-section elementor-top-section elementor-element elementor-element-9877e8a elementor-section-boxed elementor-section-height-default elementor-section-height-default\" data-id=\"9877e8a\" data-element_type=\"section\">\n\t\t\t\t\t\t<div class=\"elementor-container elementor-column-gap-default\">\n\t\t\t\t\t<div class=\"elementor-column elementor-col-100 elementor-top-column elementor-element elementor-element-cf3eb6e\" data-id=\"cf3eb6e\" data-element_type=\"column\">\n\t\t\t<div class=\"elementor-widget-wrap elementor-element-populated\">\n\t\t\t\t\t\t\t\t<div class=\"elementor-element elementor-element-addf7ff elementor-headline--style-highlight elementor-widget elementor-widget-animated-headline\" data-id=\"addf7ff\" data-element_type=\"widget\" data-settings=\"{&quot;marker&quot;:&quot;underline&quot;,&quot;highlighted_text&quot;:&quot;Boru Yal\\u0131t\\u0131m\\u0131 Teknik \\u00d6zellikleri&quot;,&quot;headline_style&quot;:&quot;highlight&quot;,&quot;loop&quot;:&quot;yes&quot;,&quot;highlight_animation_duration&quot;:1200,&quot;highlight_iteration_delay&quot;:8000}\" data-widget_type=\"animated-headline.default\">\n\t\t\t\t<div class=\"elementor-widget-container\">\n\t\t\t\t\t<h3 class=\"elementor-headline\">\n\t\t\t\t<span class=\"elementor-headline-dynamic-wrapper elementor-headline-text-wrapper\">\n\t\t\t\t\t<span class=\"elementor-headline-dynamic-text elementor-headline-text-active\">Boru Yal\u0131t\u0131m\u0131 Teknik \u00d6zellikleri<\/span>\n\t\t\t\t<\/span>\n\t\t\t\t<\/h3>\n\t\t\t\t<\/div>\n\t\t\t\t<\/div>\n\t\t\t\t\t<\/div>\n\t\t<\/div>\n\t\t\t\t\t\t\t<\/div>\n\t\t<\/section>\n\t\t\t\t<section class=\"elementor-section elementor-top-section elementor-element elementor-element-22ef96b elementor-section-boxed elementor-section-height-default elementor-section-height-default\" data-id=\"22ef96b\" data-element_type=\"section\">\n\t\t\t\t\t\t<div class=\"elementor-container elementor-column-gap-default\">\n\t\t\t\t\t<div class=\"elementor-column elementor-col-100 elementor-top-column elementor-element elementor-element-eb802c3\" data-id=\"eb802c3\" data-element_type=\"column\">\n\t\t\t<div class=\"elementor-widget-wrap elementor-element-populated\">\n\t\t\t\t\t\t\t\t<div class=\"elementor-element elementor-element-0fe40f8 elementor-widget elementor-widget-image\" data-id=\"0fe40f8\" data-element_type=\"widget\" data-widget_type=\"image.default\">\n\t\t\t\t<div class=\"elementor-widget-container\">\n\t\t\t\t\t\t\t\t\t\t\t\t\t\t\t<img loading=\"lazy\" decoding=\"async\" width=\"818\" height=\"761\" src=\"https:\/\/www.anadoluictasyalitim.com\/wp-content\/uploads\/2023\/02\/c.png\" class=\"attachment-large size-large wp-image-6077\" alt=\"\" srcset=\"https:\/\/www.anadoluictasyalitim.com\/wp-content\/uploads\/2023\/02\/c.png 818w, https:\/\/www.anadoluictasyalitim.com\/wp-content\/uploads\/2023\/02\/c-300x279.png 300w, https:\/\/www.anadoluictasyalitim.com\/wp-content\/uploads\/2023\/02\/c-768x714.png 768w\" sizes=\"auto, (max-width: 818px) 100vw, 818px\" \/>\t\t\t\t\t\t\t\t\t\t\t\t\t\t\t<\/div>\n\t\t\t\t<\/div>\n\t\t\t\t\t<\/div>\n\t\t<\/div>\n\t\t\t\t\t\t\t<\/div>\n\t\t<\/section>\n\t\t\t\t\t\t\t<\/div>\n\t\t","protected":false},"excerpt":{"rendered":"<p>Elastomerik Boru Yal\u0131t\u0131m\u0131 Boru Yal\u0131t\u0131m\u0131 Nedir ? Yap\u0131lar\u0131n, so\u011futma ve \u0131s\u0131tma tesisatlar\u0131n\u0131n so\u011futulmas\u0131 ve \u0131s\u0131t\u0131lmas\u0131n gerek olmayan yerlerden ge\u00e7en b\u00f6l\u00fcmleri [&hellip;]<\/p>\n","protected":false},"author":1,"featured_media":0,"parent":0,"menu_order":0,"comment_status":"closed","ping_status":"closed","template":"","meta":{"footnotes":""},"class_list":["post-863","page","type-page","status-publish","hentry"],"yoast_head":"<!-- This site is optimized with the Yoast SEO plugin v20.5 - https:\/\/yoast.com\/wordpress\/plugins\/seo\/ -->\n<title>Elastomerik Boru Yal\u0131t\u0131m\u0131 - Anadolu \u0130\u00e7ta\u015f End\u00fcstriyel Yal\u0131t\u0131m San. Tic. Ltd. \u015eti.<\/title>\n<meta name=\"robots\" content=\"index, follow, max-snippet:-1, max-image-preview:large, max-video-preview:-1\" \/>\n<link rel=\"canonical\" href=\"https:\/\/www.anadoluictasyalitim.com\/index.php\/elastomerik-boru-yalitimi\/\" \/>\n<meta property=\"og:locale\" content=\"tr_TR\" \/>\n<meta property=\"og:type\" content=\"article\" \/>\n<meta property=\"og:title\" content=\"Elastomerik Boru Yal\u0131t\u0131m\u0131 - Anadolu \u0130\u00e7ta\u015f End\u00fcstriyel Yal\u0131t\u0131m San. Tic. Ltd. \u015eti.\" \/>\n<meta property=\"og:description\" content=\"Elastomerik Boru Yal\u0131t\u0131m\u0131 Boru Yal\u0131t\u0131m\u0131 Nedir ? Yap\u0131lar\u0131n, so\u011futma ve \u0131s\u0131tma tesisatlar\u0131n\u0131n so\u011futulmas\u0131 ve \u0131s\u0131t\u0131lmas\u0131n gerek olmayan yerlerden ge\u00e7en b\u00f6l\u00fcmleri [&hellip;]\" \/>\n<meta property=\"og:url\" content=\"https:\/\/www.anadoluictasyalitim.com\/index.php\/elastomerik-boru-yalitimi\/\" \/>\n<meta property=\"og:site_name\" content=\"Anadolu \u0130\u00e7ta\u015f End\u00fcstriyel Yal\u0131t\u0131m San. Tic. Ltd. \u015eti.\" \/>\n<meta property=\"article:modified_time\" content=\"2023-03-22T14:20:21+00:00\" \/>\n<meta property=\"og:image\" content=\"https:\/\/www.anadoluictasyalitim.com\/wp-content\/uploads\/2023\/02\/elastomerik-kaucuk-boru-yalitimi-1-1.jpg\" \/>\n<meta name=\"twitter:card\" content=\"summary_large_image\" \/>\n<meta name=\"twitter:label1\" content=\"Tahmini okuma s\u00fcresi\" \/>\n\t<meta name=\"twitter:data1\" content=\"2 dakika\" \/>\n<script type=\"application\/ld+json\" class=\"yoast-schema-graph\">{\"@context\":\"https:\/\/schema.org\",\"@graph\":[{\"@type\":\"WebPage\",\"@id\":\"https:\/\/www.anadoluictasyalitim.com\/index.php\/elastomerik-boru-yalitimi\/\",\"url\":\"https:\/\/www.anadoluictasyalitim.com\/index.php\/elastomerik-boru-yalitimi\/\",\"name\":\"Elastomerik Boru Yal\u0131t\u0131m\u0131 - Anadolu \u0130\u00e7ta\u015f End\u00fcstriyel Yal\u0131t\u0131m San. Tic. Ltd. \u015eti.\",\"isPartOf\":{\"@id\":\"https:\/\/www.anadoluictasyalitim.com\/#website\"},\"datePublished\":\"2023-02-07T09:18:24+00:00\",\"dateModified\":\"2023-03-22T14:20:21+00:00\",\"breadcrumb\":{\"@id\":\"https:\/\/www.anadoluictasyalitim.com\/index.php\/elastomerik-boru-yalitimi\/#breadcrumb\"},\"inLanguage\":\"tr\",\"potentialAction\":[{\"@type\":\"ReadAction\",\"target\":[\"https:\/\/www.anadoluictasyalitim.com\/index.php\/elastomerik-boru-yalitimi\/\"]}]},{\"@type\":\"BreadcrumbList\",\"@id\":\"https:\/\/www.anadoluictasyalitim.com\/index.php\/elastomerik-boru-yalitimi\/#breadcrumb\",\"itemListElement\":[{\"@type\":\"ListItem\",\"position\":1,\"name\":\"Anasayfa\",\"item\":\"https:\/\/www.anadoluictasyalitim.com\/\"},{\"@type\":\"ListItem\",\"position\":2,\"name\":\"Elastomerik Boru Yal\u0131t\u0131m\u0131\"}]},{\"@type\":\"WebSite\",\"@id\":\"https:\/\/www.anadoluictasyalitim.com\/#website\",\"url\":\"https:\/\/www.anadoluictasyalitim.com\/\",\"name\":\"Anadolu \u0130\u00e7ta\u015f End\u00fcstriyel Yal\u0131t\u0131m San. Tic. Ltd. \u015eti.\",\"description\":\"\",\"publisher\":{\"@id\":\"https:\/\/www.anadoluictasyalitim.com\/#organization\"},\"potentialAction\":[{\"@type\":\"SearchAction\",\"target\":{\"@type\":\"EntryPoint\",\"urlTemplate\":\"https:\/\/www.anadoluictasyalitim.com\/?s={search_term_string}\"},\"query-input\":\"required name=search_term_string\"}],\"inLanguage\":\"tr\"},{\"@type\":\"Organization\",\"@id\":\"https:\/\/www.anadoluictasyalitim.com\/#organization\",\"name\":\"Anadolu \u0130\u00e7ta\u015f End\u00fcstriyel Yal\u0131t\u0131m San. Tic. Ltd. \u015eti.\",\"url\":\"https:\/\/www.anadoluictasyalitim.com\/\",\"logo\":{\"@type\":\"ImageObject\",\"inLanguage\":\"tr\",\"@id\":\"https:\/\/www.anadoluictasyalitim.com\/#\/schema\/logo\/image\/\",\"url\":\"https:\/\/www.anadoluictasyalitim.com\/wp-content\/uploads\/2023\/02\/WhatsApp_Image_2023-02-16_at_16.45.54-removebg-preview.png\",\"contentUrl\":\"https:\/\/www.anadoluictasyalitim.com\/wp-content\/uploads\/2023\/02\/WhatsApp_Image_2023-02-16_at_16.45.54-removebg-preview.png\",\"width\":436,\"height\":136,\"caption\":\"Anadolu \u0130\u00e7ta\u015f End\u00fcstriyel Yal\u0131t\u0131m San. Tic. Ltd. \u015eti.\"},\"image\":{\"@id\":\"https:\/\/www.anadoluictasyalitim.com\/#\/schema\/logo\/image\/\"}}]}<\/script>\n<!-- \/ Yoast SEO plugin. -->","yoast_head_json":{"title":"Elastomerik Boru Yal\u0131t\u0131m\u0131 - Anadolu \u0130\u00e7ta\u015f End\u00fcstriyel Yal\u0131t\u0131m San. Tic. Ltd. \u015eti.","robots":{"index":"index","follow":"follow","max-snippet":"max-snippet:-1","max-image-preview":"max-image-preview:large","max-video-preview":"max-video-preview:-1"},"canonical":"https:\/\/www.anadoluictasyalitim.com\/index.php\/elastomerik-boru-yalitimi\/","og_locale":"tr_TR","og_type":"article","og_title":"Elastomerik Boru Yal\u0131t\u0131m\u0131 - Anadolu \u0130\u00e7ta\u015f End\u00fcstriyel Yal\u0131t\u0131m San. Tic. Ltd. \u015eti.","og_description":"Elastomerik Boru Yal\u0131t\u0131m\u0131 Boru Yal\u0131t\u0131m\u0131 Nedir ? Yap\u0131lar\u0131n, so\u011futma ve \u0131s\u0131tma tesisatlar\u0131n\u0131n so\u011futulmas\u0131 ve \u0131s\u0131t\u0131lmas\u0131n gerek olmayan yerlerden ge\u00e7en b\u00f6l\u00fcmleri [&hellip;]","og_url":"https:\/\/www.anadoluictasyalitim.com\/index.php\/elastomerik-boru-yalitimi\/","og_site_name":"Anadolu \u0130\u00e7ta\u015f End\u00fcstriyel Yal\u0131t\u0131m San. Tic. Ltd. \u015eti.","article_modified_time":"2023-03-22T14:20:21+00:00","og_image":[{"url":"https:\/\/www.anadoluictasyalitim.com\/wp-content\/uploads\/2023\/02\/elastomerik-kaucuk-boru-yalitimi-1-1.jpg"}],"twitter_card":"summary_large_image","twitter_misc":{"Tahmini okuma s\u00fcresi":"2 dakika"},"schema":{"@context":"https:\/\/schema.org","@graph":[{"@type":"WebPage","@id":"https:\/\/www.anadoluictasyalitim.com\/index.php\/elastomerik-boru-yalitimi\/","url":"https:\/\/www.anadoluictasyalitim.com\/index.php\/elastomerik-boru-yalitimi\/","name":"Elastomerik Boru Yal\u0131t\u0131m\u0131 - Anadolu \u0130\u00e7ta\u015f End\u00fcstriyel Yal\u0131t\u0131m San. Tic. Ltd. \u015eti.","isPartOf":{"@id":"https:\/\/www.anadoluictasyalitim.com\/#website"},"datePublished":"2023-02-07T09:18:24+00:00","dateModified":"2023-03-22T14:20:21+00:00","breadcrumb":{"@id":"https:\/\/www.anadoluictasyalitim.com\/index.php\/elastomerik-boru-yalitimi\/#breadcrumb"},"inLanguage":"tr","potentialAction":[{"@type":"ReadAction","target":["https:\/\/www.anadoluictasyalitim.com\/index.php\/elastomerik-boru-yalitimi\/"]}]},{"@type":"BreadcrumbList","@id":"https:\/\/www.anadoluictasyalitim.com\/index.php\/elastomerik-boru-yalitimi\/#breadcrumb","itemListElement":[{"@type":"ListItem","position":1,"name":"Anasayfa","item":"https:\/\/www.anadoluictasyalitim.com\/"},{"@type":"ListItem","position":2,"name":"Elastomerik Boru Yal\u0131t\u0131m\u0131"}]},{"@type":"WebSite","@id":"https:\/\/www.anadoluictasyalitim.com\/#website","url":"https:\/\/www.anadoluictasyalitim.com\/","name":"Anadolu \u0130\u00e7ta\u015f End\u00fcstriyel Yal\u0131t\u0131m San. Tic. Ltd. \u015eti.","description":"","publisher":{"@id":"https:\/\/www.anadoluictasyalitim.com\/#organization"},"potentialAction":[{"@type":"SearchAction","target":{"@type":"EntryPoint","urlTemplate":"https:\/\/www.anadoluictasyalitim.com\/?s={search_term_string}"},"query-input":"required name=search_term_string"}],"inLanguage":"tr"},{"@type":"Organization","@id":"https:\/\/www.anadoluictasyalitim.com\/#organization","name":"Anadolu \u0130\u00e7ta\u015f End\u00fcstriyel Yal\u0131t\u0131m San. Tic. Ltd. \u015eti.","url":"https:\/\/www.anadoluictasyalitim.com\/","logo":{"@type":"ImageObject","inLanguage":"tr","@id":"https:\/\/www.anadoluictasyalitim.com\/#\/schema\/logo\/image\/","url":"https:\/\/www.anadoluictasyalitim.com\/wp-content\/uploads\/2023\/02\/WhatsApp_Image_2023-02-16_at_16.45.54-removebg-preview.png","contentUrl":"https:\/\/www.anadoluictasyalitim.com\/wp-content\/uploads\/2023\/02\/WhatsApp_Image_2023-02-16_at_16.45.54-removebg-preview.png","width":436,"height":136,"caption":"Anadolu \u0130\u00e7ta\u015f End\u00fcstriyel Yal\u0131t\u0131m San. Tic. Ltd. \u015eti."},"image":{"@id":"https:\/\/www.anadoluictasyalitim.com\/#\/schema\/logo\/image\/"}}]}},"_links":{"self":[{"href":"https:\/\/www.anadoluictasyalitim.com\/index.php\/wp-json\/wp\/v2\/pages\/863","targetHints":{"allow":["GET"]}}],"collection":[{"href":"https:\/\/www.anadoluictasyalitim.com\/index.php\/wp-json\/wp\/v2\/pages"}],"about":[{"href":"https:\/\/www.anadoluictasyalitim.com\/index.php\/wp-json\/wp\/v2\/types\/page"}],"author":[{"embeddable":true,"href":"https:\/\/www.anadoluictasyalitim.com\/index.php\/wp-json\/wp\/v2\/users\/1"}],"replies":[{"embeddable":true,"href":"https:\/\/www.anadoluictasyalitim.com\/index.php\/wp-json\/wp\/v2\/comments?post=863"}],"version-history":[{"count":6,"href":"https:\/\/www.anadoluictasyalitim.com\/index.php\/wp-json\/wp\/v2\/pages\/863\/revisions"}],"predecessor-version":[{"id":6344,"href":"https:\/\/www.anadoluictasyalitim.com\/index.php\/wp-json\/wp\/v2\/pages\/863\/revisions\/6344"}],"wp:attachment":[{"href":"https:\/\/www.anadoluictasyalitim.com\/index.php\/wp-json\/wp\/v2\/media?parent=863"}],"curies":[{"name":"wp","href":"https:\/\/api.w.org\/{rel}","templated":true}]}}