{"id":841,"date":"2023-02-07T11:15:20","date_gmt":"2023-02-07T08:15:20","guid":{"rendered":"https:\/\/www.anadoluictas.com\/?page_id=841"},"modified":"2023-03-22T17:09:30","modified_gmt":"2023-03-22T14:09:30","slug":"cam-tulu-kapli-cam-yunu-silte","status":"publish","type":"page","link":"https:\/\/www.anadoluictasyalitim.com\/index.php\/cam-tulu-kapli-cam-yunu-silte\/","title":{"rendered":"Cam T\u00fcl\u00fc Kapl\u0131 Cam Y\u00fcn\u00fc \u015eilte"},"content":{"rendered":"\t\t<div data-elementor-type=\"wp-page\" data-elementor-id=\"841\" class=\"elementor elementor-841\">\n\t\t\t\t\t\t\t\t\t<section class=\"elementor-section elementor-top-section elementor-element elementor-element-d8dbcdc elementor-section-boxed elementor-section-height-default elementor-section-height-default\" data-id=\"d8dbcdc\" data-element_type=\"section\">\n\t\t\t\t\t\t<div class=\"elementor-container elementor-column-gap-default\">\n\t\t\t\t\t<div class=\"elementor-column elementor-col-100 elementor-top-column elementor-element elementor-element-98f49d6\" data-id=\"98f49d6\" data-element_type=\"column\">\n\t\t\t<div class=\"elementor-widget-wrap elementor-element-populated\">\n\t\t\t\t\t\t\t\t<div class=\"elementor-element elementor-element-54cb482 elementor-headline--style-highlight elementor-widget elementor-widget-animated-headline\" data-id=\"54cb482\" data-element_type=\"widget\" data-settings=\"{&quot;marker&quot;:&quot;underline&quot;,&quot;highlighted_text&quot;:&quot;Cam T\\u00fcl\\u00fc Kapl\\u0131 Cam Y\\u00fcn\\u00fc \\u015eilte&quot;,&quot;headline_style&quot;:&quot;highlight&quot;,&quot;loop&quot;:&quot;yes&quot;,&quot;highlight_animation_duration&quot;:1200,&quot;highlight_iteration_delay&quot;:8000}\" data-widget_type=\"animated-headline.default\">\n\t\t\t\t<div class=\"elementor-widget-container\">\n\t\t\t<link rel=\"stylesheet\" href=\"https:\/\/www.anadoluictasyalitim.com\/wp-content\/plugins\/elementor-pro\/assets\/css\/widget-animated-headline.min.css\">\t\t<h3 class=\"elementor-headline\">\n\t\t\t\t<span class=\"elementor-headline-dynamic-wrapper elementor-headline-text-wrapper\">\n\t\t\t\t\t<span class=\"elementor-headline-dynamic-text elementor-headline-text-active\">Cam T\u00fcl\u00fc Kapl\u0131 Cam Y\u00fcn\u00fc \u015eilte<\/span>\n\t\t\t\t<\/span>\n\t\t\t\t<\/h3>\n\t\t\t\t<\/div>\n\t\t\t\t<\/div>\n\t\t\t\t\t<\/div>\n\t\t<\/div>\n\t\t\t\t\t\t\t<\/div>\n\t\t<\/section>\n\t\t\t\t<section class=\"elementor-section elementor-top-section elementor-element elementor-element-444737a elementor-section-boxed elementor-section-height-default elementor-section-height-default\" data-id=\"444737a\" data-element_type=\"section\">\n\t\t\t\t\t\t<div class=\"elementor-container elementor-column-gap-default\">\n\t\t\t\t\t<div class=\"elementor-column elementor-col-33 elementor-top-column elementor-element elementor-element-1b756b3\" data-id=\"1b756b3\" data-element_type=\"column\">\n\t\t\t<div class=\"elementor-widget-wrap\">\n\t\t\t\t\t\t\t\t\t<\/div>\n\t\t<\/div>\n\t\t\t\t<div class=\"elementor-column elementor-col-33 elementor-top-column elementor-element elementor-element-c7ebf53\" data-id=\"c7ebf53\" data-element_type=\"column\">\n\t\t\t<div class=\"elementor-widget-wrap elementor-element-populated\">\n\t\t\t\t\t\t\t\t<div class=\"elementor-element elementor-element-dfd0520 elementor-widget elementor-widget-image\" data-id=\"dfd0520\" data-element_type=\"widget\" data-widget_type=\"image.default\">\n\t\t\t\t<div class=\"elementor-widget-container\">\n\t\t\t<style>\/*! elementor - v3.12.1 - 02-04-2023 *\/\n.elementor-widget-image{text-align:center}.elementor-widget-image a{display:inline-block}.elementor-widget-image a img[src$=\".svg\"]{width:48px}.elementor-widget-image img{vertical-align:middle;display:inline-block}<\/style>\t\t\t\t\t\t\t\t\t\t\t\t<img loading=\"lazy\" decoding=\"async\" width=\"538\" height=\"336\" src=\"https:\/\/www.anadoluictasyalitim.com\/wp-content\/uploads\/2023\/02\/cam-tulu-cam-yunu-silte1-1.jpg\" class=\"attachment-large size-large wp-image-6049\" alt=\"\" srcset=\"https:\/\/www.anadoluictasyalitim.com\/wp-content\/uploads\/2023\/02\/cam-tulu-cam-yunu-silte1-1.jpg 538w, https:\/\/www.anadoluictasyalitim.com\/wp-content\/uploads\/2023\/02\/cam-tulu-cam-yunu-silte1-1-300x187.jpg 300w, https:\/\/www.anadoluictasyalitim.com\/wp-content\/uploads\/2023\/02\/cam-tulu-cam-yunu-silte1-1-480x300.jpg 480w\" sizes=\"auto, (max-width: 538px) 100vw, 538px\" \/>\t\t\t\t\t\t\t\t\t\t\t\t\t\t\t<\/div>\n\t\t\t\t<\/div>\n\t\t\t\t\t<\/div>\n\t\t<\/div>\n\t\t\t\t<div class=\"elementor-column elementor-col-33 elementor-top-column elementor-element elementor-element-347f425\" data-id=\"347f425\" data-element_type=\"column\">\n\t\t\t<div class=\"elementor-widget-wrap\">\n\t\t\t\t\t\t\t\t\t<\/div>\n\t\t<\/div>\n\t\t\t\t\t\t\t<\/div>\n\t\t<\/section>\n\t\t\t\t<section class=\"elementor-section elementor-top-section elementor-element elementor-element-db2f0dd elementor-section-boxed elementor-section-height-default elementor-section-height-default\" data-id=\"db2f0dd\" data-element_type=\"section\">\n\t\t\t\t\t\t<div class=\"elementor-container elementor-column-gap-default\">\n\t\t\t\t\t<div class=\"elementor-column elementor-col-100 elementor-top-column elementor-element elementor-element-02c535b\" data-id=\"02c535b\" data-element_type=\"column\">\n\t\t\t<div class=\"elementor-widget-wrap elementor-element-populated\">\n\t\t\t\t\t\t\t\t<div class=\"elementor-element elementor-element-ebc8146 elementor-widget elementor-widget-accordion\" data-id=\"ebc8146\" data-element_type=\"widget\" data-widget_type=\"accordion.default\">\n\t\t\t\t<div class=\"elementor-widget-container\">\n\t\t\t<style>\/*! elementor - v3.12.1 - 02-04-2023 *\/\n.elementor-accordion{text-align:left}.elementor-accordion .elementor-accordion-item{border:1px solid #d5d8dc}.elementor-accordion .elementor-accordion-item+.elementor-accordion-item{border-top:none}.elementor-accordion .elementor-tab-title{margin:0;padding:15px 20px;font-weight:700;line-height:1;cursor:pointer;outline:none}.elementor-accordion .elementor-tab-title .elementor-accordion-icon{display:inline-block;width:1.5em}.elementor-accordion .elementor-tab-title .elementor-accordion-icon svg{width:1em;height:1em}.elementor-accordion .elementor-tab-title .elementor-accordion-icon.elementor-accordion-icon-right{float:right;text-align:right}.elementor-accordion .elementor-tab-title .elementor-accordion-icon.elementor-accordion-icon-left{float:left;text-align:left}.elementor-accordion .elementor-tab-title .elementor-accordion-icon .elementor-accordion-icon-closed{display:block}.elementor-accordion .elementor-tab-title .elementor-accordion-icon .elementor-accordion-icon-opened,.elementor-accordion .elementor-tab-title.elementor-active .elementor-accordion-icon-closed{display:none}.elementor-accordion .elementor-tab-title.elementor-active .elementor-accordion-icon-opened{display:block}.elementor-accordion .elementor-tab-content{display:none;padding:15px 20px;border-top:1px solid #d5d8dc}@media (max-width:767px){.elementor-accordion .elementor-tab-title{padding:12px 15px}.elementor-accordion .elementor-tab-title .elementor-accordion-icon{width:1.2em}.elementor-accordion .elementor-tab-content{padding:7px 15px}}.e-con-inner>.elementor-widget-accordion,.e-con>.elementor-widget-accordion{width:var(--container-widget-width);--flex-grow:var(--container-widget-flex-grow)}<\/style>\t\t<div class=\"elementor-accordion\" role=\"tablist\">\n\t\t\t\t\t\t\t<div class=\"elementor-accordion-item\">\n\t\t\t\t\t<div id=\"elementor-tab-title-2471\" class=\"elementor-tab-title\" data-tab=\"1\" role=\"tab\" aria-controls=\"elementor-tab-content-2471\" aria-expanded=\"false\">\n\t\t\t\t\t\t\t\t\t\t\t\t\t<span class=\"elementor-accordion-icon elementor-accordion-icon-left\" aria-hidden=\"true\">\n\t\t\t\t\t\t\t\t\t\t\t\t\t\t\t<span class=\"elementor-accordion-icon-closed\"><i class=\"fas fa-plus\"><\/i><\/span>\n\t\t\t\t\t\t\t\t<span class=\"elementor-accordion-icon-opened\"><i class=\"fas fa-minus\"><\/i><\/span>\n\t\t\t\t\t\t\t\t\t\t\t\t\t\t<\/span>\n\t\t\t\t\t\t\t\t\t\t\t\t<a class=\"elementor-accordion-title\" href=\"\">Cam Y\u00fcn\u00fc Hangi Alanlarda Kullan\u0131l\u0131r?<\/a>\n\t\t\t\t\t<\/div>\n\t\t\t\t\t<div id=\"elementor-tab-content-2471\" class=\"elementor-tab-content elementor-clearfix\" data-tab=\"1\" role=\"tabpanel\" aria-labelledby=\"elementor-tab-title-2471\"><p>\u0130\u00e7 b\u00f6lme ve kom\u015fu duvarlarda, Merdiven ve asans\u00f6r bo\u015fluklar\u0131na biti\u015fik duvarlarda, Her t\u00fcrl\u00fc ah\u015fap oturtma \u00e7at\u0131larda, metal\/sandvi\u00e7 \u00e7at\u0131larda, Ah\u015fap karkas binalar\u0131n i\u00e7ten \u0131s\u0131\/ses yal\u0131t\u0131m\u0131 uygulamalar\u0131nda vb. alanlarda kullan\u0131l\u0131r.<\/p><\/div>\n\t\t\t\t<\/div>\n\t\t\t\t\t\t\t<div class=\"elementor-accordion-item\">\n\t\t\t\t\t<div id=\"elementor-tab-title-2472\" class=\"elementor-tab-title\" data-tab=\"2\" role=\"tab\" aria-controls=\"elementor-tab-content-2472\" aria-expanded=\"false\">\n\t\t\t\t\t\t\t\t\t\t\t\t\t<span class=\"elementor-accordion-icon elementor-accordion-icon-left\" aria-hidden=\"true\">\n\t\t\t\t\t\t\t\t\t\t\t\t\t\t\t<span class=\"elementor-accordion-icon-closed\"><i class=\"fas fa-plus\"><\/i><\/span>\n\t\t\t\t\t\t\t\t<span class=\"elementor-accordion-icon-opened\"><i class=\"fas fa-minus\"><\/i><\/span>\n\t\t\t\t\t\t\t\t\t\t\t\t\t\t<\/span>\n\t\t\t\t\t\t\t\t\t\t\t\t<a class=\"elementor-accordion-title\" href=\"\">Cam Y\u00fcn\u00fc \u0130le Ta\u015fy\u00fcn\u00fc Aras\u0131ndaki Fark Nedir?<\/a>\n\t\t\t\t\t<\/div>\n\t\t\t\t\t<div id=\"elementor-tab-content-2472\" class=\"elementor-tab-content elementor-clearfix\" data-tab=\"2\" role=\"tabpanel\" aria-labelledby=\"elementor-tab-title-2472\"><p>Cam y\u00fcn\u00fc 250 dereceye kadar yang\u0131na dayan\u0131kl\u0131d\u0131r. Ta\u015f y\u00fcn\u00fc ise 650 dereceye kadar yang\u0131na diren\u00e7 g\u00f6sterir. Esnek bir malzeme olan cam y\u00fcn\u00fcn\u00fcn bas\u0131n\u00e7 ve kopma direnci ta\u015f y\u00fcne g\u00f6re daha d\u00fc\u015f\u00fckt\u00fcr. Ta\u015f y\u00fcn\u00fcn\u00fcn kesilmesi, ta\u015f\u0131nmas\u0131 ve montaj\u0131 daha kolayd\u0131r.<\/p><\/div>\n\t\t\t\t<\/div>\n\t\t\t\t\t\t\t<div class=\"elementor-accordion-item\">\n\t\t\t\t\t<div id=\"elementor-tab-title-2473\" class=\"elementor-tab-title\" data-tab=\"3\" role=\"tab\" aria-controls=\"elementor-tab-content-2473\" aria-expanded=\"false\">\n\t\t\t\t\t\t\t\t\t\t\t\t\t<span class=\"elementor-accordion-icon elementor-accordion-icon-left\" aria-hidden=\"true\">\n\t\t\t\t\t\t\t\t\t\t\t\t\t\t\t<span class=\"elementor-accordion-icon-closed\"><i class=\"fas fa-plus\"><\/i><\/span>\n\t\t\t\t\t\t\t\t<span class=\"elementor-accordion-icon-opened\"><i class=\"fas fa-minus\"><\/i><\/span>\n\t\t\t\t\t\t\t\t\t\t\t\t\t\t<\/span>\n\t\t\t\t\t\t\t\t\t\t\t\t<a class=\"elementor-accordion-title\" href=\"\">Cam Y\u00fcn\u00fc \u00d6mr\u00fc Ne Kadard\u0131r?<\/a>\n\t\t\t\t\t<\/div>\n\t\t\t\t\t<div id=\"elementor-tab-content-2473\" class=\"elementor-tab-content elementor-clearfix\" data-tab=\"3\" role=\"tabpanel\" aria-labelledby=\"elementor-tab-title-2473\"><p>Alev almamas\u0131, so\u011fu\u011fa ve s\u0131ca\u011fa dayan\u0131kl\u0131 olmas\u0131, paslanmamas\u0131 gibi \u00f6zellikler sayesinde cam y\u00fcn\u00fc olduk\u00e7a uzun s\u00fcre kullan\u0131labilir. Cam y\u00fcn\u00fc kullan\u0131m \u00f6mr\u00fc genel olarak 25 \u2013 35 y\u0131l aras\u0131ndad\u0131r.<\/p><\/div>\n\t\t\t\t<\/div>\n\t\t\t\t\t\t\t<div class=\"elementor-accordion-item\">\n\t\t\t\t\t<div id=\"elementor-tab-title-2474\" class=\"elementor-tab-title\" data-tab=\"4\" role=\"tab\" aria-controls=\"elementor-tab-content-2474\" aria-expanded=\"false\">\n\t\t\t\t\t\t\t\t\t\t\t\t\t<span class=\"elementor-accordion-icon elementor-accordion-icon-left\" aria-hidden=\"true\">\n\t\t\t\t\t\t\t\t\t\t\t\t\t\t\t<span class=\"elementor-accordion-icon-closed\"><i class=\"fas fa-plus\"><\/i><\/span>\n\t\t\t\t\t\t\t\t<span class=\"elementor-accordion-icon-opened\"><i class=\"fas fa-minus\"><\/i><\/span>\n\t\t\t\t\t\t\t\t\t\t\t\t\t\t<\/span>\n\t\t\t\t\t\t\t\t\t\t\t\t<a class=\"elementor-accordion-title\" href=\"\">Cam Y\u00fcn\u00fc D\u0131\u015f Cephede Kullan\u0131l\u0131r m\u0131?<\/a>\n\t\t\t\t\t<\/div>\n\t\t\t\t\t<div id=\"elementor-tab-content-2474\" class=\"elementor-tab-content elementor-clearfix\" data-tab=\"4\" role=\"tabpanel\" aria-labelledby=\"elementor-tab-title-2474\"><p>Hafif ve yanmaz olan cam y\u00fcn\u00fcn\u00fc sizler de yang\u0131n g\u00fcvenli\u011finde, ara ve i\u00e7 duvar izolasyonunda, binalar\u0131n\u0131z\u0131n d\u0131\u015f cephe izolasyonunda ve klima santrallerinde rahatl\u0131kla kullanabilirsiniz.<\/p><\/div>\n\t\t\t\t<\/div>\n\t\t\t\t\t\t\t<div class=\"elementor-accordion-item\">\n\t\t\t\t\t<div id=\"elementor-tab-title-2475\" class=\"elementor-tab-title\" data-tab=\"5\" role=\"tab\" aria-controls=\"elementor-tab-content-2475\" aria-expanded=\"false\">\n\t\t\t\t\t\t\t\t\t\t\t\t\t<span class=\"elementor-accordion-icon elementor-accordion-icon-left\" aria-hidden=\"true\">\n\t\t\t\t\t\t\t\t\t\t\t\t\t\t\t<span class=\"elementor-accordion-icon-closed\"><i class=\"fas fa-plus\"><\/i><\/span>\n\t\t\t\t\t\t\t\t<span class=\"elementor-accordion-icon-opened\"><i class=\"fas fa-minus\"><\/i><\/span>\n\t\t\t\t\t\t\t\t\t\t\t\t\t\t<\/span>\n\t\t\t\t\t\t\t\t\t\t\t\t<a class=\"elementor-accordion-title\" href=\"\">Cam Y\u00fcn\u00fcn\u00fcn \u00d6zellikleri Nelerdir?<\/a>\n\t\t\t\t\t<\/div>\n\t\t\t\t\t<div id=\"elementor-tab-content-2475\" class=\"elementor-tab-content elementor-clearfix\" data-tab=\"5\" role=\"tabpanel\" aria-labelledby=\"elementor-tab-title-2475\"><p>Zamanla bozulmaz, \u00e7\u00fcr\u00fcmez, k\u00fcf tutmaz, korozyon ve paslanma yapmaz. B\u00f6cekler ve mikroorganizmalar taraf\u0131ndan tahrip edilemez. Higroskopik ve kapiler de\u011fildir. Kaplamas\u0131z camy\u00fcn\u00fc \u00fcr\u00fcnler TS EN 13501-1\u2019e g\u00f6re \u201cyanmaz malzemeler\u201d olan A1 s\u0131n\u0131f\u0131ndad\u0131r.<\/p><\/div>\n\t\t\t\t<\/div>\n\t\t\t\t\t\t\t\t<\/div>\n\t\t\t\t<\/div>\n\t\t\t\t<\/div>\n\t\t\t\t\t<\/div>\n\t\t<\/div>\n\t\t\t\t\t\t\t<\/div>\n\t\t<\/section>\n\t\t\t\t\t\t\t<\/div>\n\t\t","protected":false},"excerpt":{"rendered":"<p>Cam T\u00fcl\u00fc Kapl\u0131 Cam Y\u00fcn\u00fc \u015eilte Cam Y\u00fcn\u00fc Hangi Alanlarda Kullan\u0131l\u0131r? \u0130\u00e7 b\u00f6lme ve kom\u015fu duvarlarda, Merdiven ve asans\u00f6r bo\u015fluklar\u0131na [&hellip;]<\/p>\n","protected":false},"author":1,"featured_media":0,"parent":0,"menu_order":0,"comment_status":"closed","ping_status":"closed","template":"","meta":{"footnotes":""},"class_list":["post-841","page","type-page","status-publish","hentry"],"yoast_head":"<!-- This site is optimized with the Yoast SEO plugin v20.5 - https:\/\/yoast.com\/wordpress\/plugins\/seo\/ -->\n<title>Cam T\u00fcl\u00fc Kapl\u0131 Cam Y\u00fcn\u00fc \u015eilte - Anadolu \u0130\u00e7ta\u015f End\u00fcstriyel Yal\u0131t\u0131m San. Tic. Ltd. \u015eti.<\/title>\n<meta name=\"robots\" content=\"index, follow, max-snippet:-1, max-image-preview:large, max-video-preview:-1\" \/>\n<link rel=\"canonical\" href=\"https:\/\/www.anadoluictasyalitim.com\/index.php\/cam-tulu-kapli-cam-yunu-silte\/\" \/>\n<meta property=\"og:locale\" content=\"tr_TR\" \/>\n<meta property=\"og:type\" content=\"article\" \/>\n<meta property=\"og:title\" content=\"Cam T\u00fcl\u00fc Kapl\u0131 Cam Y\u00fcn\u00fc \u015eilte - Anadolu \u0130\u00e7ta\u015f End\u00fcstriyel Yal\u0131t\u0131m San. Tic. Ltd. \u015eti.\" \/>\n<meta property=\"og:description\" content=\"Cam T\u00fcl\u00fc Kapl\u0131 Cam Y\u00fcn\u00fc \u015eilte Cam Y\u00fcn\u00fc Hangi Alanlarda Kullan\u0131l\u0131r? \u0130\u00e7 b\u00f6lme ve kom\u015fu duvarlarda, Merdiven ve asans\u00f6r bo\u015fluklar\u0131na [&hellip;]\" \/>\n<meta property=\"og:url\" content=\"https:\/\/www.anadoluictasyalitim.com\/index.php\/cam-tulu-kapli-cam-yunu-silte\/\" \/>\n<meta property=\"og:site_name\" content=\"Anadolu \u0130\u00e7ta\u015f End\u00fcstriyel Yal\u0131t\u0131m San. Tic. Ltd. \u015eti.\" \/>\n<meta property=\"article:modified_time\" content=\"2023-03-22T14:09:30+00:00\" \/>\n<meta property=\"og:image\" content=\"https:\/\/www.anadoluictasyalitim.com\/wp-content\/uploads\/2023\/02\/cam-tulu-cam-yunu-silte1-1.jpg\" \/>\n<meta name=\"twitter:card\" content=\"summary_large_image\" \/>\n<meta name=\"twitter:label1\" content=\"Tahmini okuma s\u00fcresi\" \/>\n\t<meta name=\"twitter:data1\" content=\"2 dakika\" \/>\n<script type=\"application\/ld+json\" class=\"yoast-schema-graph\">{\"@context\":\"https:\/\/schema.org\",\"@graph\":[{\"@type\":\"WebPage\",\"@id\":\"https:\/\/www.anadoluictasyalitim.com\/index.php\/cam-tulu-kapli-cam-yunu-silte\/\",\"url\":\"https:\/\/www.anadoluictasyalitim.com\/index.php\/cam-tulu-kapli-cam-yunu-silte\/\",\"name\":\"Cam T\u00fcl\u00fc Kapl\u0131 Cam Y\u00fcn\u00fc \u015eilte - Anadolu \u0130\u00e7ta\u015f End\u00fcstriyel Yal\u0131t\u0131m San. Tic. Ltd. \u015eti.\",\"isPartOf\":{\"@id\":\"https:\/\/www.anadoluictasyalitim.com\/#website\"},\"datePublished\":\"2023-02-07T08:15:20+00:00\",\"dateModified\":\"2023-03-22T14:09:30+00:00\",\"breadcrumb\":{\"@id\":\"https:\/\/www.anadoluictasyalitim.com\/index.php\/cam-tulu-kapli-cam-yunu-silte\/#breadcrumb\"},\"inLanguage\":\"tr\",\"potentialAction\":[{\"@type\":\"ReadAction\",\"target\":[\"https:\/\/www.anadoluictasyalitim.com\/index.php\/cam-tulu-kapli-cam-yunu-silte\/\"]}]},{\"@type\":\"BreadcrumbList\",\"@id\":\"https:\/\/www.anadoluictasyalitim.com\/index.php\/cam-tulu-kapli-cam-yunu-silte\/#breadcrumb\",\"itemListElement\":[{\"@type\":\"ListItem\",\"position\":1,\"name\":\"Anasayfa\",\"item\":\"https:\/\/www.anadoluictasyalitim.com\/\"},{\"@type\":\"ListItem\",\"position\":2,\"name\":\"Cam T\u00fcl\u00fc Kapl\u0131 Cam Y\u00fcn\u00fc \u015eilte\"}]},{\"@type\":\"WebSite\",\"@id\":\"https:\/\/www.anadoluictasyalitim.com\/#website\",\"url\":\"https:\/\/www.anadoluictasyalitim.com\/\",\"name\":\"Anadolu \u0130\u00e7ta\u015f End\u00fcstriyel Yal\u0131t\u0131m San. Tic. Ltd. \u015eti.\",\"description\":\"\",\"publisher\":{\"@id\":\"https:\/\/www.anadoluictasyalitim.com\/#organization\"},\"potentialAction\":[{\"@type\":\"SearchAction\",\"target\":{\"@type\":\"EntryPoint\",\"urlTemplate\":\"https:\/\/www.anadoluictasyalitim.com\/?s={search_term_string}\"},\"query-input\":\"required name=search_term_string\"}],\"inLanguage\":\"tr\"},{\"@type\":\"Organization\",\"@id\":\"https:\/\/www.anadoluictasyalitim.com\/#organization\",\"name\":\"Anadolu \u0130\u00e7ta\u015f End\u00fcstriyel Yal\u0131t\u0131m San. Tic. Ltd. \u015eti.\",\"url\":\"https:\/\/www.anadoluictasyalitim.com\/\",\"logo\":{\"@type\":\"ImageObject\",\"inLanguage\":\"tr\",\"@id\":\"https:\/\/www.anadoluictasyalitim.com\/#\/schema\/logo\/image\/\",\"url\":\"https:\/\/www.anadoluictasyalitim.com\/wp-content\/uploads\/2023\/02\/WhatsApp_Image_2023-02-16_at_16.45.54-removebg-preview.png\",\"contentUrl\":\"https:\/\/www.anadoluictasyalitim.com\/wp-content\/uploads\/2023\/02\/WhatsApp_Image_2023-02-16_at_16.45.54-removebg-preview.png\",\"width\":436,\"height\":136,\"caption\":\"Anadolu \u0130\u00e7ta\u015f End\u00fcstriyel Yal\u0131t\u0131m San. Tic. Ltd. \u015eti.\"},\"image\":{\"@id\":\"https:\/\/www.anadoluictasyalitim.com\/#\/schema\/logo\/image\/\"}}]}<\/script>\n<!-- \/ Yoast SEO plugin. -->","yoast_head_json":{"title":"Cam T\u00fcl\u00fc Kapl\u0131 Cam Y\u00fcn\u00fc \u015eilte - Anadolu \u0130\u00e7ta\u015f End\u00fcstriyel Yal\u0131t\u0131m San. Tic. Ltd. \u015eti.","robots":{"index":"index","follow":"follow","max-snippet":"max-snippet:-1","max-image-preview":"max-image-preview:large","max-video-preview":"max-video-preview:-1"},"canonical":"https:\/\/www.anadoluictasyalitim.com\/index.php\/cam-tulu-kapli-cam-yunu-silte\/","og_locale":"tr_TR","og_type":"article","og_title":"Cam T\u00fcl\u00fc Kapl\u0131 Cam Y\u00fcn\u00fc \u015eilte - Anadolu \u0130\u00e7ta\u015f End\u00fcstriyel Yal\u0131t\u0131m San. Tic. Ltd. \u015eti.","og_description":"Cam T\u00fcl\u00fc Kapl\u0131 Cam Y\u00fcn\u00fc \u015eilte Cam Y\u00fcn\u00fc Hangi Alanlarda Kullan\u0131l\u0131r? \u0130\u00e7 b\u00f6lme ve kom\u015fu duvarlarda, Merdiven ve asans\u00f6r bo\u015fluklar\u0131na [&hellip;]","og_url":"https:\/\/www.anadoluictasyalitim.com\/index.php\/cam-tulu-kapli-cam-yunu-silte\/","og_site_name":"Anadolu \u0130\u00e7ta\u015f End\u00fcstriyel Yal\u0131t\u0131m San. Tic. Ltd. \u015eti.","article_modified_time":"2023-03-22T14:09:30+00:00","og_image":[{"url":"https:\/\/www.anadoluictasyalitim.com\/wp-content\/uploads\/2023\/02\/cam-tulu-cam-yunu-silte1-1.jpg"}],"twitter_card":"summary_large_image","twitter_misc":{"Tahmini okuma s\u00fcresi":"2 dakika"},"schema":{"@context":"https:\/\/schema.org","@graph":[{"@type":"WebPage","@id":"https:\/\/www.anadoluictasyalitim.com\/index.php\/cam-tulu-kapli-cam-yunu-silte\/","url":"https:\/\/www.anadoluictasyalitim.com\/index.php\/cam-tulu-kapli-cam-yunu-silte\/","name":"Cam T\u00fcl\u00fc Kapl\u0131 Cam Y\u00fcn\u00fc \u015eilte - Anadolu \u0130\u00e7ta\u015f End\u00fcstriyel Yal\u0131t\u0131m San. Tic. Ltd. \u015eti.","isPartOf":{"@id":"https:\/\/www.anadoluictasyalitim.com\/#website"},"datePublished":"2023-02-07T08:15:20+00:00","dateModified":"2023-03-22T14:09:30+00:00","breadcrumb":{"@id":"https:\/\/www.anadoluictasyalitim.com\/index.php\/cam-tulu-kapli-cam-yunu-silte\/#breadcrumb"},"inLanguage":"tr","potentialAction":[{"@type":"ReadAction","target":["https:\/\/www.anadoluictasyalitim.com\/index.php\/cam-tulu-kapli-cam-yunu-silte\/"]}]},{"@type":"BreadcrumbList","@id":"https:\/\/www.anadoluictasyalitim.com\/index.php\/cam-tulu-kapli-cam-yunu-silte\/#breadcrumb","itemListElement":[{"@type":"ListItem","position":1,"name":"Anasayfa","item":"https:\/\/www.anadoluictasyalitim.com\/"},{"@type":"ListItem","position":2,"name":"Cam T\u00fcl\u00fc Kapl\u0131 Cam Y\u00fcn\u00fc \u015eilte"}]},{"@type":"WebSite","@id":"https:\/\/www.anadoluictasyalitim.com\/#website","url":"https:\/\/www.anadoluictasyalitim.com\/","name":"Anadolu \u0130\u00e7ta\u015f End\u00fcstriyel Yal\u0131t\u0131m San. Tic. Ltd. \u015eti.","description":"","publisher":{"@id":"https:\/\/www.anadoluictasyalitim.com\/#organization"},"potentialAction":[{"@type":"SearchAction","target":{"@type":"EntryPoint","urlTemplate":"https:\/\/www.anadoluictasyalitim.com\/?s={search_term_string}"},"query-input":"required name=search_term_string"}],"inLanguage":"tr"},{"@type":"Organization","@id":"https:\/\/www.anadoluictasyalitim.com\/#organization","name":"Anadolu \u0130\u00e7ta\u015f End\u00fcstriyel Yal\u0131t\u0131m San. Tic. Ltd. \u015eti.","url":"https:\/\/www.anadoluictasyalitim.com\/","logo":{"@type":"ImageObject","inLanguage":"tr","@id":"https:\/\/www.anadoluictasyalitim.com\/#\/schema\/logo\/image\/","url":"https:\/\/www.anadoluictasyalitim.com\/wp-content\/uploads\/2023\/02\/WhatsApp_Image_2023-02-16_at_16.45.54-removebg-preview.png","contentUrl":"https:\/\/www.anadoluictasyalitim.com\/wp-content\/uploads\/2023\/02\/WhatsApp_Image_2023-02-16_at_16.45.54-removebg-preview.png","width":436,"height":136,"caption":"Anadolu \u0130\u00e7ta\u015f End\u00fcstriyel Yal\u0131t\u0131m San. Tic. Ltd. \u015eti."},"image":{"@id":"https:\/\/www.anadoluictasyalitim.com\/#\/schema\/logo\/image\/"}}]}},"_links":{"self":[{"href":"https:\/\/www.anadoluictasyalitim.com\/index.php\/wp-json\/wp\/v2\/pages\/841","targetHints":{"allow":["GET"]}}],"collection":[{"href":"https:\/\/www.anadoluictasyalitim.com\/index.php\/wp-json\/wp\/v2\/pages"}],"about":[{"href":"https:\/\/www.anadoluictasyalitim.com\/index.php\/wp-json\/wp\/v2\/types\/page"}],"author":[{"embeddable":true,"href":"https:\/\/www.anadoluictasyalitim.com\/index.php\/wp-json\/wp\/v2\/users\/1"}],"replies":[{"embeddable":true,"href":"https:\/\/www.anadoluictasyalitim.com\/index.php\/wp-json\/wp\/v2\/comments?post=841"}],"version-history":[{"count":6,"href":"https:\/\/www.anadoluictasyalitim.com\/index.php\/wp-json\/wp\/v2\/pages\/841\/revisions"}],"predecessor-version":[{"id":6317,"href":"https:\/\/www.anadoluictasyalitim.com\/index.php\/wp-json\/wp\/v2\/pages\/841\/revisions\/6317"}],"wp:attachment":[{"href":"https:\/\/www.anadoluictasyalitim.com\/index.php\/wp-json\/wp\/v2\/media?parent=841"}],"curies":[{"name":"wp","href":"https:\/\/api.w.org\/{rel}","templated":true}]}}