{"id":768,"date":"2023-02-07T10:35:27","date_gmt":"2023-02-07T07:35:27","guid":{"rendered":"https:\/\/www.anadoluictas.com\/?page_id=768"},"modified":"2023-02-21T16:55:59","modified_gmt":"2023-02-21T13:55:59","slug":"aluminyum-folyolu-nem-bariyeri","status":"publish","type":"page","link":"https:\/\/www.anadoluictasyalitim.com\/index.php\/aluminyum-folyolu-nem-bariyeri\/","title":{"rendered":"Al\u00fcminyum Folyolu Nem Bariyeri"},"content":{"rendered":"\t\t<div data-elementor-type=\"wp-page\" data-elementor-id=\"768\" class=\"elementor elementor-768\">\n\t\t\t\t\t\t\t\t\t<section class=\"elementor-section elementor-top-section elementor-element elementor-element-53abd86 elementor-section-boxed elementor-section-height-default elementor-section-height-default\" data-id=\"53abd86\" data-element_type=\"section\">\n\t\t\t\t\t\t<div class=\"elementor-container elementor-column-gap-default\">\n\t\t\t\t\t<div class=\"elementor-column elementor-col-100 elementor-top-column elementor-element elementor-element-a59f87b\" data-id=\"a59f87b\" data-element_type=\"column\">\n\t\t\t<div class=\"elementor-widget-wrap elementor-element-populated\">\n\t\t\t\t\t\t\t\t<div class=\"elementor-element elementor-element-4748656 elementor-headline--style-highlight elementor-widget elementor-widget-animated-headline\" data-id=\"4748656\" data-element_type=\"widget\" data-settings=\"{&quot;marker&quot;:&quot;underline&quot;,&quot;highlighted_text&quot;:&quot;NEM BAR\\u0130YER\\u0130 \\u00c7E\\u015e\\u0130TLER\\u0130M\\u0130Z&quot;,&quot;headline_style&quot;:&quot;highlight&quot;,&quot;loop&quot;:&quot;yes&quot;,&quot;highlight_animation_duration&quot;:1200,&quot;highlight_iteration_delay&quot;:8000}\" data-widget_type=\"animated-headline.default\">\n\t\t\t\t<div class=\"elementor-widget-container\">\n\t\t\t<link rel=\"stylesheet\" href=\"https:\/\/www.anadoluictasyalitim.com\/wp-content\/plugins\/elementor-pro\/assets\/css\/widget-animated-headline.min.css\">\t\t<h3 class=\"elementor-headline\">\n\t\t\t\t<span class=\"elementor-headline-dynamic-wrapper elementor-headline-text-wrapper\">\n\t\t\t\t\t<span class=\"elementor-headline-dynamic-text elementor-headline-text-active\">NEM BAR\u0130YER\u0130 \u00c7E\u015e\u0130TLER\u0130M\u0130Z<\/span>\n\t\t\t\t<\/span>\n\t\t\t\t<\/h3>\n\t\t\t\t<\/div>\n\t\t\t\t<\/div>\n\t\t\t\t\t<\/div>\n\t\t<\/div>\n\t\t\t\t\t\t\t<\/div>\n\t\t<\/section>\n\t\t\t\t<section class=\"elementor-section elementor-top-section elementor-element elementor-element-741d5ee elementor-section-boxed elementor-section-height-default elementor-section-height-default\" data-id=\"741d5ee\" data-element_type=\"section\">\n\t\t\t\t\t\t<div class=\"elementor-container elementor-column-gap-default\">\n\t\t\t\t\t<div class=\"elementor-column elementor-col-33 elementor-top-column elementor-element elementor-element-1e4d425\" data-id=\"1e4d425\" data-element_type=\"column\">\n\t\t\t<div class=\"elementor-widget-wrap\">\n\t\t\t\t\t\t\t\t\t<\/div>\n\t\t<\/div>\n\t\t\t\t<div class=\"elementor-column elementor-col-33 elementor-top-column elementor-element elementor-element-7e9b982\" data-id=\"7e9b982\" data-element_type=\"column\">\n\t\t\t<div class=\"elementor-widget-wrap elementor-element-populated\">\n\t\t\t\t\t\t\t\t<div class=\"elementor-element elementor-element-f221c52 elementor-widget elementor-widget-image\" data-id=\"f221c52\" data-element_type=\"widget\" data-widget_type=\"image.default\">\n\t\t\t\t<div class=\"elementor-widget-container\">\n\t\t\t<style>\/*! elementor - v3.12.1 - 02-04-2023 *\/\n.elementor-widget-image{text-align:center}.elementor-widget-image a{display:inline-block}.elementor-widget-image a img[src$=\".svg\"]{width:48px}.elementor-widget-image img{vertical-align:middle;display:inline-block}<\/style>\t\t\t\t\t\t\t\t\t\t\t\t<img loading=\"lazy\" decoding=\"async\" width=\"433\" height=\"577\" src=\"https:\/\/www.anadoluictasyalitim.com\/wp-content\/uploads\/2023\/02\/aluminyum_folyo_nem_bariyeri-removebg-preview-1.png\" class=\"attachment-large size-large wp-image-5165\" alt=\"\" srcset=\"https:\/\/www.anadoluictasyalitim.com\/wp-content\/uploads\/2023\/02\/aluminyum_folyo_nem_bariyeri-removebg-preview-1.png 433w, https:\/\/www.anadoluictasyalitim.com\/wp-content\/uploads\/2023\/02\/aluminyum_folyo_nem_bariyeri-removebg-preview-1-225x300.png 225w\" sizes=\"auto, (max-width: 433px) 100vw, 433px\" \/>\t\t\t\t\t\t\t\t\t\t\t\t\t\t\t<\/div>\n\t\t\t\t<\/div>\n\t\t\t\t<div class=\"elementor-element elementor-element-9d91a62 elementor-widget elementor-widget-heading\" data-id=\"9d91a62\" data-element_type=\"widget\" data-widget_type=\"heading.default\">\n\t\t\t\t<div class=\"elementor-widget-container\">\n\t\t\t<style>\/*! elementor - v3.12.1 - 02-04-2023 *\/\n.elementor-heading-title{padding:0;margin:0;line-height:1}.elementor-widget-heading .elementor-heading-title[class*=elementor-size-]>a{color:inherit;font-size:inherit;line-height:inherit}.elementor-widget-heading .elementor-heading-title.elementor-size-small{font-size:15px}.elementor-widget-heading .elementor-heading-title.elementor-size-medium{font-size:19px}.elementor-widget-heading .elementor-heading-title.elementor-size-large{font-size:29px}.elementor-widget-heading .elementor-heading-title.elementor-size-xl{font-size:39px}.elementor-widget-heading .elementor-heading-title.elementor-size-xxl{font-size:59px}<\/style><h2 class=\"elementor-heading-title elementor-size-default\">Al\u00fcminyum Folyolu Nem Bariyeri<\/h2>\t\t<\/div>\n\t\t\t\t<\/div>\n\t\t\t\t\t<\/div>\n\t\t<\/div>\n\t\t\t\t<div class=\"elementor-column elementor-col-33 elementor-top-column elementor-element elementor-element-58c44c6\" data-id=\"58c44c6\" data-element_type=\"column\">\n\t\t\t<div class=\"elementor-widget-wrap\">\n\t\t\t\t\t\t\t\t\t<\/div>\n\t\t<\/div>\n\t\t\t\t\t\t\t<\/div>\n\t\t<\/section>\n\t\t\t\t<section class=\"elementor-section elementor-top-section elementor-element elementor-element-5424932 elementor-section-boxed elementor-section-height-default elementor-section-height-default\" data-id=\"5424932\" data-element_type=\"section\">\n\t\t\t\t\t\t<div class=\"elementor-container elementor-column-gap-default\">\n\t\t\t\t\t<div class=\"elementor-column elementor-col-100 elementor-top-column elementor-element elementor-element-4b8e6d0\" data-id=\"4b8e6d0\" data-element_type=\"column\">\n\t\t\t<div class=\"elementor-widget-wrap elementor-element-populated\">\n\t\t\t\t\t\t\t\t<div class=\"elementor-element elementor-element-8950a32 elementor-widget elementor-widget-accordion\" data-id=\"8950a32\" data-element_type=\"widget\" data-widget_type=\"accordion.default\">\n\t\t\t\t<div class=\"elementor-widget-container\">\n\t\t\t<style>\/*! elementor - v3.12.1 - 02-04-2023 *\/\n.elementor-accordion{text-align:left}.elementor-accordion .elementor-accordion-item{border:1px solid #d5d8dc}.elementor-accordion .elementor-accordion-item+.elementor-accordion-item{border-top:none}.elementor-accordion .elementor-tab-title{margin:0;padding:15px 20px;font-weight:700;line-height:1;cursor:pointer;outline:none}.elementor-accordion .elementor-tab-title .elementor-accordion-icon{display:inline-block;width:1.5em}.elementor-accordion .elementor-tab-title .elementor-accordion-icon svg{width:1em;height:1em}.elementor-accordion .elementor-tab-title .elementor-accordion-icon.elementor-accordion-icon-right{float:right;text-align:right}.elementor-accordion .elementor-tab-title .elementor-accordion-icon.elementor-accordion-icon-left{float:left;text-align:left}.elementor-accordion .elementor-tab-title .elementor-accordion-icon .elementor-accordion-icon-closed{display:block}.elementor-accordion .elementor-tab-title .elementor-accordion-icon .elementor-accordion-icon-opened,.elementor-accordion .elementor-tab-title.elementor-active .elementor-accordion-icon-closed{display:none}.elementor-accordion .elementor-tab-title.elementor-active .elementor-accordion-icon-opened{display:block}.elementor-accordion .elementor-tab-content{display:none;padding:15px 20px;border-top:1px solid #d5d8dc}@media (max-width:767px){.elementor-accordion .elementor-tab-title{padding:12px 15px}.elementor-accordion .elementor-tab-title .elementor-accordion-icon{width:1.2em}.elementor-accordion .elementor-tab-content{padding:7px 15px}}.e-con-inner>.elementor-widget-accordion,.e-con>.elementor-widget-accordion{width:var(--container-widget-width);--flex-grow:var(--container-widget-flex-grow)}<\/style>\t\t<div class=\"elementor-accordion\" role=\"tablist\">\n\t\t\t\t\t\t\t<div class=\"elementor-accordion-item\">\n\t\t\t\t\t<div id=\"elementor-tab-title-1431\" class=\"elementor-tab-title\" data-tab=\"1\" role=\"tab\" aria-controls=\"elementor-tab-content-1431\" aria-expanded=\"false\">\n\t\t\t\t\t\t\t\t\t\t\t\t\t<span class=\"elementor-accordion-icon elementor-accordion-icon-left\" aria-hidden=\"true\">\n\t\t\t\t\t\t\t\t\t\t\t\t\t\t\t<span class=\"elementor-accordion-icon-closed\"><i class=\"fas fa-plus\"><\/i><\/span>\n\t\t\t\t\t\t\t\t<span class=\"elementor-accordion-icon-opened\"><i class=\"fas fa-minus\"><\/i><\/span>\n\t\t\t\t\t\t\t\t\t\t\t\t\t\t<\/span>\n\t\t\t\t\t\t\t\t\t\t\t\t<a class=\"elementor-accordion-title\" href=\"\">Al\u00fcminyum Folyolu Nem Bariyeri Ne \u0130\u015fe Yarar ?<\/a>\n\t\t\t\t\t<\/div>\n\t\t\t\t\t<div id=\"elementor-tab-content-1431\" class=\"elementor-tab-content elementor-clearfix\" data-tab=\"1\" role=\"tabpanel\" aria-labelledby=\"elementor-tab-title-1431\"><p>Polieliten folyo olarak da bilinir. Buhar\u0131 ve su ge\u00e7i\u015fini %100 oran\u0131nda kesebilen , buhar ge\u00e7irmez \u00f6rt\u00fclerdir. Al\u00fcminyum folyo kaplamas\u0131 sayesinde g\u00fcne\u015f \u0131\u015f\u0131nlar\u0131n\u0131 yans\u0131t\u0131r. Is\u0131ya ve Ultraviole \u0131\u015f\u0131nlar\u0131na kar\u015f\u0131 \u00e7at\u0131 ve cepheleri korur.<\/p><\/div>\n\t\t\t\t<\/div>\n\t\t\t\t\t\t\t<div class=\"elementor-accordion-item\">\n\t\t\t\t\t<div id=\"elementor-tab-title-1432\" class=\"elementor-tab-title\" data-tab=\"2\" role=\"tab\" aria-controls=\"elementor-tab-content-1432\" aria-expanded=\"false\">\n\t\t\t\t\t\t\t\t\t\t\t\t\t<span class=\"elementor-accordion-icon elementor-accordion-icon-left\" aria-hidden=\"true\">\n\t\t\t\t\t\t\t\t\t\t\t\t\t\t\t<span class=\"elementor-accordion-icon-closed\"><i class=\"fas fa-plus\"><\/i><\/span>\n\t\t\t\t\t\t\t\t<span class=\"elementor-accordion-icon-opened\"><i class=\"fas fa-minus\"><\/i><\/span>\n\t\t\t\t\t\t\t\t\t\t\t\t\t\t<\/span>\n\t\t\t\t\t\t\t\t\t\t\t\t<a class=\"elementor-accordion-title\" href=\"\">Al\u00fcminyum Folyolu Nem Bariyeri Nedir ?<\/a>\n\t\t\t\t\t<\/div>\n\t\t\t\t\t<div id=\"elementor-tab-content-1432\" class=\"elementor-tab-content elementor-clearfix\" data-tab=\"2\" role=\"tabpanel\" aria-labelledby=\"elementor-tab-title-1432\"><div class=\"wDYxhc\" lang=\"tr-TR\" data-md=\"61\"><div class=\"LGOjhe\" role=\"heading\" data-attrid=\"wa:\/description\" aria-level=\"3\" data-hveid=\"CBYQAA\"><span class=\"ILfuVd\" lang=\"tr\"><span class=\"hgKElc\"><b>Al\u00fcminyum<\/b>\u00a0folyo kaplamas\u0131 sayesinde g\u00fcne\u015f \u0131\u015f\u0131nlar\u0131n\u0131 yans\u0131t\u0131r. Is\u0131ya ve Ultraviole \u0131\u015f\u0131nlar\u0131na kar\u015f\u0131 \u00e7at\u0131 ve cepheleri korur. Y\u0131rt\u0131lmaya kar\u015f\u0131 son derece dayan\u0131kl\u0131d\u0131r. D\u0131\u015far\u0131dan ise, \u0131s\u0131 yal\u0131t\u0131m\u0131n\u0131 kar ve ya\u011fmurdan korur , yo\u011fu\u015fmadan olu\u015fabilecek su buhar\u0131n\u0131 tahliye eder.<\/span><\/span><\/div><\/div><div class=\"g\"><div lang=\"tr\" data-hveid=\"CA4QAA\" data-ved=\"2ahUKEwjnkaOyl6X9AhXYXfEDHesmCksQFSgAegQIDhAA\"><div class=\"tF2Cxc\">\u00a0<\/div><\/div><\/div><\/div>\n\t\t\t\t<\/div>\n\t\t\t\t\t\t\t\t<\/div>\n\t\t\t\t<\/div>\n\t\t\t\t<\/div>\n\t\t\t\t\t<\/div>\n\t\t<\/div>\n\t\t\t\t\t\t\t<\/div>\n\t\t<\/section>\n\t\t\t\t\t\t\t<\/div>\n\t\t","protected":false},"excerpt":{"rendered":"<p>NEM BAR\u0130YER\u0130 \u00c7E\u015e\u0130TLER\u0130M\u0130Z Al\u00fcminyum Folyolu Nem Bariyeri Al\u00fcminyum Folyolu Nem Bariyeri Ne \u0130\u015fe Yarar ? Polieliten folyo olarak da bilinir. [&hellip;]<\/p>\n","protected":false},"author":1,"featured_media":0,"parent":0,"menu_order":0,"comment_status":"closed","ping_status":"closed","template":"","meta":{"footnotes":""},"class_list":["post-768","page","type-page","status-publish","hentry"],"yoast_head":"<!-- This site is optimized with the Yoast SEO plugin v20.5 - https:\/\/yoast.com\/wordpress\/plugins\/seo\/ -->\n<title>Al\u00fcminyum Folyolu Nem Bariyeri - Anadolu \u0130\u00e7ta\u015f End\u00fcstriyel Yal\u0131t\u0131m San. Tic. Ltd. \u015eti.<\/title>\n<meta name=\"robots\" content=\"index, follow, max-snippet:-1, max-image-preview:large, max-video-preview:-1\" \/>\n<link rel=\"canonical\" href=\"https:\/\/www.anadoluictasyalitim.com\/index.php\/aluminyum-folyolu-nem-bariyeri\/\" \/>\n<meta property=\"og:locale\" content=\"tr_TR\" \/>\n<meta property=\"og:type\" content=\"article\" \/>\n<meta property=\"og:title\" content=\"Al\u00fcminyum Folyolu Nem Bariyeri - Anadolu \u0130\u00e7ta\u015f End\u00fcstriyel Yal\u0131t\u0131m San. Tic. Ltd. \u015eti.\" \/>\n<meta property=\"og:description\" content=\"NEM BAR\u0130YER\u0130 \u00c7E\u015e\u0130TLER\u0130M\u0130Z Al\u00fcminyum Folyolu Nem Bariyeri Al\u00fcminyum Folyolu Nem Bariyeri Ne \u0130\u015fe Yarar ? Polieliten folyo olarak da bilinir. [&hellip;]\" \/>\n<meta property=\"og:url\" content=\"https:\/\/www.anadoluictasyalitim.com\/index.php\/aluminyum-folyolu-nem-bariyeri\/\" \/>\n<meta property=\"og:site_name\" content=\"Anadolu \u0130\u00e7ta\u015f End\u00fcstriyel Yal\u0131t\u0131m San. Tic. Ltd. \u015eti.\" \/>\n<meta property=\"article:modified_time\" content=\"2023-02-21T13:55:59+00:00\" \/>\n<meta property=\"og:image\" content=\"https:\/\/www.anadoluictasyalitim.com\/wp-content\/uploads\/2023\/02\/aluminyum_folyo_nem_bariyeri-removebg-preview-1.png\" \/>\n<meta name=\"twitter:card\" content=\"summary_large_image\" \/>\n<meta name=\"twitter:label1\" content=\"Tahmini okuma s\u00fcresi\" \/>\n\t<meta name=\"twitter:data1\" content=\"1 dakika\" \/>\n<script type=\"application\/ld+json\" class=\"yoast-schema-graph\">{\"@context\":\"https:\/\/schema.org\",\"@graph\":[{\"@type\":\"WebPage\",\"@id\":\"https:\/\/www.anadoluictasyalitim.com\/index.php\/aluminyum-folyolu-nem-bariyeri\/\",\"url\":\"https:\/\/www.anadoluictasyalitim.com\/index.php\/aluminyum-folyolu-nem-bariyeri\/\",\"name\":\"Al\u00fcminyum Folyolu Nem Bariyeri - Anadolu \u0130\u00e7ta\u015f End\u00fcstriyel Yal\u0131t\u0131m San. Tic. Ltd. \u015eti.\",\"isPartOf\":{\"@id\":\"https:\/\/www.anadoluictasyalitim.com\/#website\"},\"datePublished\":\"2023-02-07T07:35:27+00:00\",\"dateModified\":\"2023-02-21T13:55:59+00:00\",\"breadcrumb\":{\"@id\":\"https:\/\/www.anadoluictasyalitim.com\/index.php\/aluminyum-folyolu-nem-bariyeri\/#breadcrumb\"},\"inLanguage\":\"tr\",\"potentialAction\":[{\"@type\":\"ReadAction\",\"target\":[\"https:\/\/www.anadoluictasyalitim.com\/index.php\/aluminyum-folyolu-nem-bariyeri\/\"]}]},{\"@type\":\"BreadcrumbList\",\"@id\":\"https:\/\/www.anadoluictasyalitim.com\/index.php\/aluminyum-folyolu-nem-bariyeri\/#breadcrumb\",\"itemListElement\":[{\"@type\":\"ListItem\",\"position\":1,\"name\":\"Anasayfa\",\"item\":\"https:\/\/www.anadoluictasyalitim.com\/\"},{\"@type\":\"ListItem\",\"position\":2,\"name\":\"Al\u00fcminyum Folyolu Nem Bariyeri\"}]},{\"@type\":\"WebSite\",\"@id\":\"https:\/\/www.anadoluictasyalitim.com\/#website\",\"url\":\"https:\/\/www.anadoluictasyalitim.com\/\",\"name\":\"Anadolu \u0130\u00e7ta\u015f End\u00fcstriyel Yal\u0131t\u0131m San. Tic. Ltd. \u015eti.\",\"description\":\"\",\"publisher\":{\"@id\":\"https:\/\/www.anadoluictasyalitim.com\/#organization\"},\"potentialAction\":[{\"@type\":\"SearchAction\",\"target\":{\"@type\":\"EntryPoint\",\"urlTemplate\":\"https:\/\/www.anadoluictasyalitim.com\/?s={search_term_string}\"},\"query-input\":\"required name=search_term_string\"}],\"inLanguage\":\"tr\"},{\"@type\":\"Organization\",\"@id\":\"https:\/\/www.anadoluictasyalitim.com\/#organization\",\"name\":\"Anadolu \u0130\u00e7ta\u015f End\u00fcstriyel Yal\u0131t\u0131m San. Tic. Ltd. \u015eti.\",\"url\":\"https:\/\/www.anadoluictasyalitim.com\/\",\"logo\":{\"@type\":\"ImageObject\",\"inLanguage\":\"tr\",\"@id\":\"https:\/\/www.anadoluictasyalitim.com\/#\/schema\/logo\/image\/\",\"url\":\"https:\/\/www.anadoluictasyalitim.com\/wp-content\/uploads\/2023\/02\/WhatsApp_Image_2023-02-16_at_16.45.54-removebg-preview.png\",\"contentUrl\":\"https:\/\/www.anadoluictasyalitim.com\/wp-content\/uploads\/2023\/02\/WhatsApp_Image_2023-02-16_at_16.45.54-removebg-preview.png\",\"width\":436,\"height\":136,\"caption\":\"Anadolu \u0130\u00e7ta\u015f End\u00fcstriyel Yal\u0131t\u0131m San. Tic. Ltd. \u015eti.\"},\"image\":{\"@id\":\"https:\/\/www.anadoluictasyalitim.com\/#\/schema\/logo\/image\/\"}}]}<\/script>\n<!-- \/ Yoast SEO plugin. -->","yoast_head_json":{"title":"Al\u00fcminyum Folyolu Nem Bariyeri - Anadolu \u0130\u00e7ta\u015f End\u00fcstriyel Yal\u0131t\u0131m San. Tic. Ltd. \u015eti.","robots":{"index":"index","follow":"follow","max-snippet":"max-snippet:-1","max-image-preview":"max-image-preview:large","max-video-preview":"max-video-preview:-1"},"canonical":"https:\/\/www.anadoluictasyalitim.com\/index.php\/aluminyum-folyolu-nem-bariyeri\/","og_locale":"tr_TR","og_type":"article","og_title":"Al\u00fcminyum Folyolu Nem Bariyeri - Anadolu \u0130\u00e7ta\u015f End\u00fcstriyel Yal\u0131t\u0131m San. Tic. Ltd. \u015eti.","og_description":"NEM BAR\u0130YER\u0130 \u00c7E\u015e\u0130TLER\u0130M\u0130Z Al\u00fcminyum Folyolu Nem Bariyeri Al\u00fcminyum Folyolu Nem Bariyeri Ne \u0130\u015fe Yarar ? Polieliten folyo olarak da bilinir. [&hellip;]","og_url":"https:\/\/www.anadoluictasyalitim.com\/index.php\/aluminyum-folyolu-nem-bariyeri\/","og_site_name":"Anadolu \u0130\u00e7ta\u015f End\u00fcstriyel Yal\u0131t\u0131m San. Tic. Ltd. \u015eti.","article_modified_time":"2023-02-21T13:55:59+00:00","og_image":[{"url":"https:\/\/www.anadoluictasyalitim.com\/wp-content\/uploads\/2023\/02\/aluminyum_folyo_nem_bariyeri-removebg-preview-1.png"}],"twitter_card":"summary_large_image","twitter_misc":{"Tahmini okuma s\u00fcresi":"1 dakika"},"schema":{"@context":"https:\/\/schema.org","@graph":[{"@type":"WebPage","@id":"https:\/\/www.anadoluictasyalitim.com\/index.php\/aluminyum-folyolu-nem-bariyeri\/","url":"https:\/\/www.anadoluictasyalitim.com\/index.php\/aluminyum-folyolu-nem-bariyeri\/","name":"Al\u00fcminyum Folyolu Nem Bariyeri - Anadolu \u0130\u00e7ta\u015f End\u00fcstriyel Yal\u0131t\u0131m San. Tic. Ltd. \u015eti.","isPartOf":{"@id":"https:\/\/www.anadoluictasyalitim.com\/#website"},"datePublished":"2023-02-07T07:35:27+00:00","dateModified":"2023-02-21T13:55:59+00:00","breadcrumb":{"@id":"https:\/\/www.anadoluictasyalitim.com\/index.php\/aluminyum-folyolu-nem-bariyeri\/#breadcrumb"},"inLanguage":"tr","potentialAction":[{"@type":"ReadAction","target":["https:\/\/www.anadoluictasyalitim.com\/index.php\/aluminyum-folyolu-nem-bariyeri\/"]}]},{"@type":"BreadcrumbList","@id":"https:\/\/www.anadoluictasyalitim.com\/index.php\/aluminyum-folyolu-nem-bariyeri\/#breadcrumb","itemListElement":[{"@type":"ListItem","position":1,"name":"Anasayfa","item":"https:\/\/www.anadoluictasyalitim.com\/"},{"@type":"ListItem","position":2,"name":"Al\u00fcminyum Folyolu Nem Bariyeri"}]},{"@type":"WebSite","@id":"https:\/\/www.anadoluictasyalitim.com\/#website","url":"https:\/\/www.anadoluictasyalitim.com\/","name":"Anadolu \u0130\u00e7ta\u015f End\u00fcstriyel Yal\u0131t\u0131m San. Tic. Ltd. \u015eti.","description":"","publisher":{"@id":"https:\/\/www.anadoluictasyalitim.com\/#organization"},"potentialAction":[{"@type":"SearchAction","target":{"@type":"EntryPoint","urlTemplate":"https:\/\/www.anadoluictasyalitim.com\/?s={search_term_string}"},"query-input":"required name=search_term_string"}],"inLanguage":"tr"},{"@type":"Organization","@id":"https:\/\/www.anadoluictasyalitim.com\/#organization","name":"Anadolu \u0130\u00e7ta\u015f End\u00fcstriyel Yal\u0131t\u0131m San. Tic. Ltd. \u015eti.","url":"https:\/\/www.anadoluictasyalitim.com\/","logo":{"@type":"ImageObject","inLanguage":"tr","@id":"https:\/\/www.anadoluictasyalitim.com\/#\/schema\/logo\/image\/","url":"https:\/\/www.anadoluictasyalitim.com\/wp-content\/uploads\/2023\/02\/WhatsApp_Image_2023-02-16_at_16.45.54-removebg-preview.png","contentUrl":"https:\/\/www.anadoluictasyalitim.com\/wp-content\/uploads\/2023\/02\/WhatsApp_Image_2023-02-16_at_16.45.54-removebg-preview.png","width":436,"height":136,"caption":"Anadolu \u0130\u00e7ta\u015f End\u00fcstriyel Yal\u0131t\u0131m San. Tic. Ltd. \u015eti."},"image":{"@id":"https:\/\/www.anadoluictasyalitim.com\/#\/schema\/logo\/image\/"}}]}},"_links":{"self":[{"href":"https:\/\/www.anadoluictasyalitim.com\/index.php\/wp-json\/wp\/v2\/pages\/768","targetHints":{"allow":["GET"]}}],"collection":[{"href":"https:\/\/www.anadoluictasyalitim.com\/index.php\/wp-json\/wp\/v2\/pages"}],"about":[{"href":"https:\/\/www.anadoluictasyalitim.com\/index.php\/wp-json\/wp\/v2\/types\/page"}],"author":[{"embeddable":true,"href":"https:\/\/www.anadoluictasyalitim.com\/index.php\/wp-json\/wp\/v2\/users\/1"}],"replies":[{"embeddable":true,"href":"https:\/\/www.anadoluictasyalitim.com\/index.php\/wp-json\/wp\/v2\/comments?post=768"}],"version-history":[{"count":4,"href":"https:\/\/www.anadoluictasyalitim.com\/index.php\/wp-json\/wp\/v2\/pages\/768\/revisions"}],"predecessor-version":[{"id":5169,"href":"https:\/\/www.anadoluictasyalitim.com\/index.php\/wp-json\/wp\/v2\/pages\/768\/revisions\/5169"}],"wp:attachment":[{"href":"https:\/\/www.anadoluictasyalitim.com\/index.php\/wp-json\/wp\/v2\/media?parent=768"}],"curies":[{"name":"wp","href":"https:\/\/api.w.org\/{rel}","templated":true}]}}