{"id":201,"date":"2023-01-31T10:11:37","date_gmt":"2023-01-31T07:11:37","guid":{"rendered":"https:\/\/www.anadoluictas.com\/?page_id=201"},"modified":"2023-01-31T10:11:37","modified_gmt":"2023-01-31T07:11:37","slug":"su-izolasyon-malzemeleri","status":"publish","type":"page","link":"https:\/\/www.anadoluictasyalitim.com\/index.php\/su-izolasyon-malzemeleri\/","title":{"rendered":"Su \u0130zolasyon Malzemeleri"},"content":{"rendered":"\t\t<div data-elementor-type=\"wp-page\" data-elementor-id=\"201\" class=\"elementor elementor-201\">\n\t\t\t\t\t\t\t\t\t<section class=\"elementor-section elementor-top-section elementor-element elementor-element-7a5943c elementor-section-boxed elementor-section-height-default elementor-section-height-default\" data-id=\"7a5943c\" data-element_type=\"section\">\n\t\t\t\t\t\t<div class=\"elementor-container elementor-column-gap-default\">\n\t\t\t\t\t<div class=\"elementor-column elementor-col-100 elementor-top-column elementor-element elementor-element-f5c0b99\" data-id=\"f5c0b99\" data-element_type=\"column\">\n\t\t\t<div class=\"elementor-widget-wrap elementor-element-populated\">\n\t\t\t\t\t\t\t\t<div class=\"elementor-element elementor-element-d2ba76b elementor-headline--style-highlight elementor-widget elementor-widget-animated-headline\" data-id=\"d2ba76b\" data-element_type=\"widget\" data-settings=\"{&quot;marker&quot;:&quot;underline&quot;,&quot;highlighted_text&quot;:&quot;SU \\u0130ZOLASYON MALZEMELER\\u0130&quot;,&quot;headline_style&quot;:&quot;highlight&quot;,&quot;loop&quot;:&quot;yes&quot;,&quot;highlight_animation_duration&quot;:1200,&quot;highlight_iteration_delay&quot;:8000}\" data-widget_type=\"animated-headline.default\">\n\t\t\t\t<div class=\"elementor-widget-container\">\n\t\t\t<link rel=\"stylesheet\" href=\"https:\/\/www.anadoluictasyalitim.com\/wp-content\/plugins\/elementor-pro\/assets\/css\/widget-animated-headline.min.css\">\t\t<h3 class=\"elementor-headline\">\n\t\t\t\t<span class=\"elementor-headline-dynamic-wrapper elementor-headline-text-wrapper\">\n\t\t\t\t\t<span class=\"elementor-headline-dynamic-text elementor-headline-text-active\">SU \u0130ZOLASYON MALZEMELER\u0130<\/span>\n\t\t\t\t<\/span>\n\t\t\t\t<\/h3>\n\t\t\t\t<\/div>\n\t\t\t\t<\/div>\n\t\t\t\t\t<\/div>\n\t\t<\/div>\n\t\t\t\t\t\t\t<\/div>\n\t\t<\/section>\n\t\t\t\t<section class=\"elementor-section elementor-top-section elementor-element elementor-element-07c2610 elementor-section-boxed elementor-section-height-default elementor-section-height-default\" data-id=\"07c2610\" data-element_type=\"section\">\n\t\t\t\t\t\t<div class=\"elementor-container elementor-column-gap-default\">\n\t\t\t\t\t<div class=\"elementor-column elementor-col-100 elementor-top-column elementor-element elementor-element-a726e7e\" data-id=\"a726e7e\" data-element_type=\"column\">\n\t\t\t<div class=\"elementor-widget-wrap elementor-element-populated\">\n\t\t\t\t\t\t\t\t<div class=\"elementor-element elementor-element-6d821d9 elementor-pagination-position-inside elementor-arrows-position-inside elementor-widget elementor-widget-image-carousel\" data-id=\"6d821d9\" data-element_type=\"widget\" data-settings=\"{&quot;navigation&quot;:&quot;both&quot;,&quot;autoplay&quot;:&quot;yes&quot;,&quot;pause_on_hover&quot;:&quot;yes&quot;,&quot;pause_on_interaction&quot;:&quot;yes&quot;,&quot;autoplay_speed&quot;:5000,&quot;infinite&quot;:&quot;yes&quot;,&quot;speed&quot;:500}\" data-widget_type=\"image-carousel.default\">\n\t\t\t\t<div class=\"elementor-widget-container\">\n\t\t\t<style>\/*! elementor - v3.12.1 - 02-04-2023 *\/\n.elementor-widget-image-carousel .swiper,.elementor-widget-image-carousel .swiper-container{position:static}.elementor-widget-image-carousel .swiper-container .swiper-slide figure,.elementor-widget-image-carousel .swiper .swiper-slide figure{line-height:inherit}.elementor-widget-image-carousel .swiper-slide{text-align:center}.elementor-image-carousel-wrapper:not(.swiper-container-initialized) .swiper-slide,.elementor-image-carousel-wrapper:not(.swiper-initialized) .swiper-slide{max-width:calc(100% \/ var(--e-image-carousel-slides-to-show, 3))}<\/style>\t\t<div class=\"elementor-image-carousel-wrapper swiper\" dir=\"ltr\">\n\t\t\t<div class=\"elementor-image-carousel swiper-wrapper swiper-image-stretch\">\n\t\t\t\t\t\t\t\t<div class=\"swiper-slide\"><figure class=\"swiper-slide-inner\"><img decoding=\"async\" class=\"swiper-slide-image\" src=\"https:\/\/www.anadoluictasyalitim.com\/wp-content\/uploads\/2023\/02\/bitum-2k-iki-bilesenli-bitum-cimento-esasli-su-yalitim-memrani-1.jpg\" alt=\"bitum-2k-iki-bilesenli-bitum-cimento-esasli-su-yalitim-memrani-1\" \/><\/figure><\/div><div class=\"swiper-slide\"><figure class=\"swiper-slide-inner\"><img decoding=\"async\" class=\"swiper-slide-image\" src=\"https:\/\/www.anadoluictasyalitim.com\/wp-content\/uploads\/2023\/02\/bitum-esasli-tek-bilesenli-su-izolasyon-malzemesi-1.jpg\" alt=\"bitum-esasli-tek-bilesenli-su-izolasyon-malzemesi-1\" \/><\/figure><\/div><div class=\"swiper-slide\"><figure class=\"swiper-slide-inner\"><img decoding=\"async\" class=\"swiper-slide-image\" src=\"https:\/\/www.anadoluictasyalitim.com\/wp-content\/uploads\/2023\/02\/elastomerik-recine-esasli-su-izolasyon-malzemesi-1.jpg\" alt=\"elastomerik-recine-esasli-su-izolasyon-malzemesi-1\" \/><\/figure><\/div><div class=\"swiper-slide\"><figure class=\"swiper-slide-inner\"><img decoding=\"async\" class=\"swiper-slide-image\" src=\"https:\/\/www.anadoluictasyalitim.com\/wp-content\/uploads\/2023\/02\/elastomerik-recine-esasli-su-izolasyon-malzemesi-1-1.jpg\" alt=\"elastomerik-recine-esasli-su-izolasyon-malzemesi-1\" \/><\/figure><\/div><div class=\"swiper-slide\"><figure class=\"swiper-slide-inner\"><img decoding=\"async\" class=\"swiper-slide-image\" src=\"https:\/\/www.anadoluictasyalitim.com\/wp-content\/uploads\/2023\/02\/lastexin-2k-cift-bilesenli-su-izolasyon-malzemesi-super-elastik-1.jpg\" alt=\"lastexin-2k-cift-bilesenli-su-izolasyon-malzemesi-s\u00fcper-elastik-1\" \/><\/figure><\/div><div class=\"swiper-slide\"><figure class=\"swiper-slide-inner\"><img decoding=\"async\" class=\"swiper-slide-image\" src=\"https:\/\/www.anadoluictasyalitim.com\/wp-content\/uploads\/2023\/02\/lastexin-2k-cift-bilesenli-su-izolasyon-malzemesi-tam-elastik-1.jpg\" alt=\"lastexin-2k-cift-bilesenli-su-izolasyon-malzemesi-tam-elastik-1\" \/><\/figure><\/div><div class=\"swiper-slide\"><figure class=\"swiper-slide-inner\"><img decoding=\"async\" class=\"swiper-slide-image\" src=\"https:\/\/www.anadoluictasyalitim.com\/wp-content\/uploads\/2023\/02\/lastexin-2k-cift-bilesenli-su-izolasyon-malzemesi-yari-elastik-1.jpg\" alt=\"lastexin-2k-cift-bilesenli-su-izolasyon-malzemesi-yar\u0131-elastik-1\" \/><\/figure><\/div><div class=\"swiper-slide\"><figure class=\"swiper-slide-inner\"><img decoding=\"async\" class=\"swiper-slide-image\" src=\"https:\/\/www.anadoluictasyalitim.com\/wp-content\/uploads\/2023\/02\/lastexin-3040-tek-bilesenli-izolasyon-malzemesi-1.jpg\" alt=\"lastexin-3040-tek-bilesenli-izolasyon-malzemesi-1\" \/><\/figure><\/div>\t\t\t<\/div>\n\t\t\t\t\t\t\t\t\t\t\t\t<div class=\"swiper-pagination\"><\/div>\n\t\t\t\t\t\t\t\t\t\t\t\t\t<div class=\"elementor-swiper-button elementor-swiper-button-prev\">\n\t\t\t\t\t\t<i aria-hidden=\"true\" class=\"eicon-chevron-left\"><\/i>\t\t\t\t\t\t<span class=\"elementor-screen-only\">\u00d6nceki<\/span>\n\t\t\t\t\t<\/div>\n\t\t\t\t\t<div class=\"elementor-swiper-button elementor-swiper-button-next\">\n\t\t\t\t\t\t<i aria-hidden=\"true\" class=\"eicon-chevron-right\"><\/i>\t\t\t\t\t\t<span class=\"elementor-screen-only\">Sonraki<\/span>\n\t\t\t\t\t<\/div>\n\t\t\t\t\t\t\t\t\t<\/div>\n\t\t\t\t<\/div>\n\t\t\t\t<\/div>\n\t\t\t\t\t<\/div>\n\t\t<\/div>\n\t\t\t\t\t\t\t<\/div>\n\t\t<\/section>\n\t\t\t\t\t\t\t<\/div>\n\t\t","protected":false},"excerpt":{"rendered":"<p>SU \u0130ZOLASYON MALZEMELER\u0130 \u00d6nceki Sonraki<\/p>\n","protected":false},"author":1,"featured_media":0,"parent":0,"menu_order":0,"comment_status":"closed","ping_status":"closed","template":"","meta":{"footnotes":""},"class_list":["post-201","page","type-page","status-publish","hentry"],"yoast_head":"<!-- This site is optimized with the Yoast SEO plugin v20.5 - https:\/\/yoast.com\/wordpress\/plugins\/seo\/ -->\n<title>Su \u0130zolasyon Malzemeleri - Anadolu \u0130\u00e7ta\u015f End\u00fcstriyel Yal\u0131t\u0131m San. Tic. Ltd. \u015eti.<\/title>\n<meta name=\"robots\" content=\"index, follow, max-snippet:-1, max-image-preview:large, max-video-preview:-1\" \/>\n<link rel=\"canonical\" href=\"https:\/\/www.anadoluictasyalitim.com\/index.php\/su-izolasyon-malzemeleri\/\" \/>\n<meta property=\"og:locale\" content=\"tr_TR\" \/>\n<meta property=\"og:type\" content=\"article\" \/>\n<meta property=\"og:title\" content=\"Su \u0130zolasyon Malzemeleri - Anadolu \u0130\u00e7ta\u015f End\u00fcstriyel Yal\u0131t\u0131m San. Tic. Ltd. \u015eti.\" \/>\n<meta property=\"og:description\" content=\"SU \u0130ZOLASYON MALZEMELER\u0130 \u00d6nceki Sonraki\" \/>\n<meta property=\"og:url\" content=\"https:\/\/www.anadoluictasyalitim.com\/index.php\/su-izolasyon-malzemeleri\/\" \/>\n<meta property=\"og:site_name\" content=\"Anadolu \u0130\u00e7ta\u015f End\u00fcstriyel Yal\u0131t\u0131m San. Tic. Ltd. \u015eti.\" \/>\n<meta property=\"og:image\" content=\"https:\/\/www.anadoluictas.com\/wp-content\/uploads\/2023\/02\/bitum-2k-iki-bilesenli-bitum-cimento-esasli-su-yalitim-memrani-1.jpg\" \/>\n<meta name=\"twitter:card\" content=\"summary_large_image\" \/>\n<script type=\"application\/ld+json\" class=\"yoast-schema-graph\">{\"@context\":\"https:\/\/schema.org\",\"@graph\":[{\"@type\":\"WebPage\",\"@id\":\"https:\/\/www.anadoluictasyalitim.com\/index.php\/su-izolasyon-malzemeleri\/\",\"url\":\"https:\/\/www.anadoluictasyalitim.com\/index.php\/su-izolasyon-malzemeleri\/\",\"name\":\"Su \u0130zolasyon Malzemeleri - Anadolu \u0130\u00e7ta\u015f End\u00fcstriyel Yal\u0131t\u0131m San. Tic. Ltd. \u015eti.\",\"isPartOf\":{\"@id\":\"https:\/\/www.anadoluictasyalitim.com\/#website\"},\"datePublished\":\"2023-01-31T07:11:37+00:00\",\"dateModified\":\"2023-01-31T07:11:37+00:00\",\"breadcrumb\":{\"@id\":\"https:\/\/www.anadoluictasyalitim.com\/index.php\/su-izolasyon-malzemeleri\/#breadcrumb\"},\"inLanguage\":\"tr\",\"potentialAction\":[{\"@type\":\"ReadAction\",\"target\":[\"https:\/\/www.anadoluictasyalitim.com\/index.php\/su-izolasyon-malzemeleri\/\"]}]},{\"@type\":\"BreadcrumbList\",\"@id\":\"https:\/\/www.anadoluictasyalitim.com\/index.php\/su-izolasyon-malzemeleri\/#breadcrumb\",\"itemListElement\":[{\"@type\":\"ListItem\",\"position\":1,\"name\":\"Anasayfa\",\"item\":\"https:\/\/www.anadoluictasyalitim.com\/\"},{\"@type\":\"ListItem\",\"position\":2,\"name\":\"Su \u0130zolasyon Malzemeleri\"}]},{\"@type\":\"WebSite\",\"@id\":\"https:\/\/www.anadoluictasyalitim.com\/#website\",\"url\":\"https:\/\/www.anadoluictasyalitim.com\/\",\"name\":\"Anadolu \u0130\u00e7ta\u015f End\u00fcstriyel Yal\u0131t\u0131m San. Tic. Ltd. \u015eti.\",\"description\":\"\",\"publisher\":{\"@id\":\"https:\/\/www.anadoluictasyalitim.com\/#organization\"},\"potentialAction\":[{\"@type\":\"SearchAction\",\"target\":{\"@type\":\"EntryPoint\",\"urlTemplate\":\"https:\/\/www.anadoluictasyalitim.com\/?s={search_term_string}\"},\"query-input\":\"required name=search_term_string\"}],\"inLanguage\":\"tr\"},{\"@type\":\"Organization\",\"@id\":\"https:\/\/www.anadoluictasyalitim.com\/#organization\",\"name\":\"Anadolu \u0130\u00e7ta\u015f End\u00fcstriyel Yal\u0131t\u0131m San. Tic. Ltd. \u015eti.\",\"url\":\"https:\/\/www.anadoluictasyalitim.com\/\",\"logo\":{\"@type\":\"ImageObject\",\"inLanguage\":\"tr\",\"@id\":\"https:\/\/www.anadoluictasyalitim.com\/#\/schema\/logo\/image\/\",\"url\":\"https:\/\/www.anadoluictasyalitim.com\/wp-content\/uploads\/2023\/02\/WhatsApp_Image_2023-02-16_at_16.45.54-removebg-preview.png\",\"contentUrl\":\"https:\/\/www.anadoluictasyalitim.com\/wp-content\/uploads\/2023\/02\/WhatsApp_Image_2023-02-16_at_16.45.54-removebg-preview.png\",\"width\":436,\"height\":136,\"caption\":\"Anadolu \u0130\u00e7ta\u015f End\u00fcstriyel Yal\u0131t\u0131m San. Tic. Ltd. \u015eti.\"},\"image\":{\"@id\":\"https:\/\/www.anadoluictasyalitim.com\/#\/schema\/logo\/image\/\"}}]}<\/script>\n<!-- \/ Yoast SEO plugin. -->","yoast_head_json":{"title":"Su \u0130zolasyon Malzemeleri - Anadolu \u0130\u00e7ta\u015f End\u00fcstriyel Yal\u0131t\u0131m San. Tic. Ltd. \u015eti.","robots":{"index":"index","follow":"follow","max-snippet":"max-snippet:-1","max-image-preview":"max-image-preview:large","max-video-preview":"max-video-preview:-1"},"canonical":"https:\/\/www.anadoluictasyalitim.com\/index.php\/su-izolasyon-malzemeleri\/","og_locale":"tr_TR","og_type":"article","og_title":"Su \u0130zolasyon Malzemeleri - Anadolu \u0130\u00e7ta\u015f End\u00fcstriyel Yal\u0131t\u0131m San. Tic. Ltd. \u015eti.","og_description":"SU \u0130ZOLASYON MALZEMELER\u0130 \u00d6nceki Sonraki","og_url":"https:\/\/www.anadoluictasyalitim.com\/index.php\/su-izolasyon-malzemeleri\/","og_site_name":"Anadolu \u0130\u00e7ta\u015f End\u00fcstriyel Yal\u0131t\u0131m San. Tic. Ltd. \u015eti.","og_image":[{"url":"https:\/\/www.anadoluictas.com\/wp-content\/uploads\/2023\/02\/bitum-2k-iki-bilesenli-bitum-cimento-esasli-su-yalitim-memrani-1.jpg"}],"twitter_card":"summary_large_image","schema":{"@context":"https:\/\/schema.org","@graph":[{"@type":"WebPage","@id":"https:\/\/www.anadoluictasyalitim.com\/index.php\/su-izolasyon-malzemeleri\/","url":"https:\/\/www.anadoluictasyalitim.com\/index.php\/su-izolasyon-malzemeleri\/","name":"Su \u0130zolasyon Malzemeleri - Anadolu \u0130\u00e7ta\u015f End\u00fcstriyel Yal\u0131t\u0131m San. Tic. Ltd. \u015eti.","isPartOf":{"@id":"https:\/\/www.anadoluictasyalitim.com\/#website"},"datePublished":"2023-01-31T07:11:37+00:00","dateModified":"2023-01-31T07:11:37+00:00","breadcrumb":{"@id":"https:\/\/www.anadoluictasyalitim.com\/index.php\/su-izolasyon-malzemeleri\/#breadcrumb"},"inLanguage":"tr","potentialAction":[{"@type":"ReadAction","target":["https:\/\/www.anadoluictasyalitim.com\/index.php\/su-izolasyon-malzemeleri\/"]}]},{"@type":"BreadcrumbList","@id":"https:\/\/www.anadoluictasyalitim.com\/index.php\/su-izolasyon-malzemeleri\/#breadcrumb","itemListElement":[{"@type":"ListItem","position":1,"name":"Anasayfa","item":"https:\/\/www.anadoluictasyalitim.com\/"},{"@type":"ListItem","position":2,"name":"Su \u0130zolasyon Malzemeleri"}]},{"@type":"WebSite","@id":"https:\/\/www.anadoluictasyalitim.com\/#website","url":"https:\/\/www.anadoluictasyalitim.com\/","name":"Anadolu \u0130\u00e7ta\u015f End\u00fcstriyel Yal\u0131t\u0131m San. Tic. Ltd. \u015eti.","description":"","publisher":{"@id":"https:\/\/www.anadoluictasyalitim.com\/#organization"},"potentialAction":[{"@type":"SearchAction","target":{"@type":"EntryPoint","urlTemplate":"https:\/\/www.anadoluictasyalitim.com\/?s={search_term_string}"},"query-input":"required name=search_term_string"}],"inLanguage":"tr"},{"@type":"Organization","@id":"https:\/\/www.anadoluictasyalitim.com\/#organization","name":"Anadolu \u0130\u00e7ta\u015f End\u00fcstriyel Yal\u0131t\u0131m San. Tic. Ltd. \u015eti.","url":"https:\/\/www.anadoluictasyalitim.com\/","logo":{"@type":"ImageObject","inLanguage":"tr","@id":"https:\/\/www.anadoluictasyalitim.com\/#\/schema\/logo\/image\/","url":"https:\/\/www.anadoluictasyalitim.com\/wp-content\/uploads\/2023\/02\/WhatsApp_Image_2023-02-16_at_16.45.54-removebg-preview.png","contentUrl":"https:\/\/www.anadoluictasyalitim.com\/wp-content\/uploads\/2023\/02\/WhatsApp_Image_2023-02-16_at_16.45.54-removebg-preview.png","width":436,"height":136,"caption":"Anadolu \u0130\u00e7ta\u015f End\u00fcstriyel Yal\u0131t\u0131m San. Tic. Ltd. \u015eti."},"image":{"@id":"https:\/\/www.anadoluictasyalitim.com\/#\/schema\/logo\/image\/"}}]}},"_links":{"self":[{"href":"https:\/\/www.anadoluictasyalitim.com\/index.php\/wp-json\/wp\/v2\/pages\/201","targetHints":{"allow":["GET"]}}],"collection":[{"href":"https:\/\/www.anadoluictasyalitim.com\/index.php\/wp-json\/wp\/v2\/pages"}],"about":[{"href":"https:\/\/www.anadoluictasyalitim.com\/index.php\/wp-json\/wp\/v2\/types\/page"}],"author":[{"embeddable":true,"href":"https:\/\/www.anadoluictasyalitim.com\/index.php\/wp-json\/wp\/v2\/users\/1"}],"replies":[{"embeddable":true,"href":"https:\/\/www.anadoluictasyalitim.com\/index.php\/wp-json\/wp\/v2\/comments?post=201"}],"version-history":[{"count":0,"href":"https:\/\/www.anadoluictasyalitim.com\/index.php\/wp-json\/wp\/v2\/pages\/201\/revisions"}],"wp:attachment":[{"href":"https:\/\/www.anadoluictasyalitim.com\/index.php\/wp-json\/wp\/v2\/media?parent=201"}],"curies":[{"name":"wp","href":"https:\/\/api.w.org\/{rel}","templated":true}]}}